{"id":1195,"date":"2020-09-19T01:53:44","date_gmt":"2020-09-19T01:53:44","guid":{"rendered":"http:\/\/conchstyle.com\/opera\/?page_id=1195"},"modified":"2020-09-30T20:38:09","modified_gmt":"2020-09-30T20:38:09","slug":"__trashed-7","status":"publish","type":"page","link":"http:\/\/conchstyle.com\/opera\/__trashed-7\/","title":{"rendered":"Audition Judges 2018"},"content":{"rendered":"<p>[et_pb_section fb_built=&#8221;1&#8243; custom_padding_last_edited=&#8221;on|tablet&#8221; admin_label=&#8221;Our Guides&#8221; _builder_version=&#8221;3.22&#8243; custom_padding=&#8221;29px||110px|||&#8221; custom_padding_tablet=&#8221;60px||60px|&#8221; custom_padding_phone=&#8221;&#8221; da_disable_devices=&#8221;off|off|off&#8221; da_is_popup=&#8221;off&#8221; da_exit_intent=&#8221;off&#8221; da_has_close=&#8221;on&#8221; da_alt_close=&#8221;off&#8221; da_dark_close=&#8221;off&#8221; da_not_modal=&#8221;on&#8221; da_is_singular=&#8221;off&#8221; da_with_loader=&#8221;off&#8221; da_has_shadow=&#8221;on&#8221;][et_pb_row custom_padding_last_edited=&#8221;on|tablet&#8221; admin_label=&#8221;Our Guides Title&#8221; _builder_version=&#8221;3.25&#8243; background_size=&#8221;initial&#8221; background_position=&#8221;top_left&#8221; background_repeat=&#8221;repeat&#8221; custom_padding=&#8221;30px|0px|20px|0px||&#8221; custom_padding_tablet=&#8221;0px||0px|&#8221; custom_padding_phone=&#8221;&#8221;][et_pb_column type=&#8221;4_4&#8243; _builder_version=&#8221;3.25&#8243; custom_padding=&#8221;|||&#8221; custom_padding__hover=&#8221;|||&#8221;][et_pb_text admin_label=&#8221;Team Title&#8221; _builder_version=&#8221;4.5.8&#8243; text_font=&#8221;||||&#8221; text_text_color=&#8221;#1a1a1a&#8221; header_font=&#8221;Oswald|on||on|&#8221; header_text_align=&#8221;center&#8221; header_font_size=&#8221;60px&#8221; header_line_height=&#8221;1.3em&#8221; background_size=&#8221;initial&#8221; background_position=&#8221;top_left&#8221; background_repeat=&#8221;repeat&#8221; module_alignment=&#8221;center&#8221; custom_margin=&#8221;|||&#8221; custom_padding=&#8221;|||&#8221; animation_style=&#8221;slide&#8221; animation_direction=&#8221;top&#8221; animation_intensity_slide=&#8221;10%&#8221; locked=&#8221;off&#8221;]<\/p>\n<h1>Meet Our 2018 Judges<\/h1>\n<p>[\/et_pb_text][et_pb_divider color=&#8221;#ed4441&#8243; divider_position=&#8221;center&#8221; divider_weight=&#8221;3px&#8221; disabled_on=&#8221;off|off|off&#8221; _builder_version=&#8221;3.2&#8243; max_width=&#8221;150px&#8221; module_alignment=&#8221;center&#8221; height=&#8221;false&#8221; custom_margin=&#8221;30px|||&#8221; animation_style=&#8221;slide&#8221; animation_direction=&#8221;top&#8221; animation_delay=&#8221;100ms&#8221; animation_intensity_slide=&#8221;10%&#8221; locked=&#8221;off&#8221;][\/et_pb_divider][\/et_pb_column][\/et_pb_row][et_pb_row column_structure=&#8221;1_3,1_3,1_3&#8243; use_custom_gutter=&#8221;on&#8221; make_equal=&#8221;on&#8221; admin_label=&#8221;Guides Grid&#8221; _builder_version=&#8221;4.5.8&#8243; width=&#8221;84%&#8221; max_width=&#8221;1525px&#8221; custom_padding=&#8221;40px|0px|40px|0px&#8221;][et_pb_column type=&#8221;1_3&#8243; _builder_version=&#8221;3.25&#8243; custom_padding=&#8221;|||&#8221; custom_padding__hover=&#8221;|||&#8221;][et_pb_blurb title=&#8221;Ana de Archuleta&#8221; image=&#8221;http:\/\/conchstyle.com\/opera\/wp-content\/uploads\/2020\/09\/Screen-Shot-2020-09-18-at-8.13.26-PM.png&#8221; _builder_version=&#8221;4.5.8&#8243; header_font=&#8221;Oswald|on||on|&#8221; header_font_size=&#8221;24px&#8221; body_font=&#8221;Roboto||||&#8221; body_text_color=&#8221;rgba(0,0,0,0.6)&#8221; body_font_size=&#8221;16px&#8221; body_line_height=&#8221;1.9em&#8221; animation_style=&#8221;zoom&#8221; animation_intensity_zoom=&#8221;10%&#8221; locked=&#8221;off&#8221;]<\/p>\n<p>President &amp; CEO, ADA Artist Management, New York City<\/p>\n<p>Ana De Archuleta has quickly established herself as one of the most sought after managers in the operatic field. Representing a thriving roster of vocalists, conductors, and directors worldwide, ADA Artists can be seen at the Metropolitan Opera, Deutsche Oper Berlin, English National Opera, Grand Th\u00e9\u00e2tre de Gen\u00e8ve, the Salzburg Festival, the Aix-en-Provence Festival, Lyric Opera of Chicago, San Francisco Opera, Washington National Opera, Houston Grand Opera, and throughout the United States, Europe, Asia, and South America.<\/p>\n<p>&nbsp;<\/p>\n<p>[\/et_pb_blurb][et_pb_button button_url=&#8221;#ana&#8221; button_text=&#8221;Read more&#8221; button_alignment=&#8221;center&#8221; _builder_version=&#8221;4.5.8&#8243; _module_preset=&#8221;default&#8221; custom_button=&#8221;on&#8221; button_text_size=&#8221;16px&#8221; button_text_color=&#8221;#ffffff&#8221; button_bg_color=&#8221;#e02b20&#8243; box_shadow_style=&#8221;preset3&#8243;][\/et_pb_button][\/et_pb_column][et_pb_column type=&#8221;1_3&#8243; _builder_version=&#8221;3.25&#8243; custom_padding=&#8221;|||&#8221; custom_padding__hover=&#8221;|||&#8221;][et_pb_blurb title=&#8221;David Lomeli&#8221; image=&#8221;http:\/\/conchstyle.com\/opera\/wp-content\/uploads\/2020\/09\/Screen-Shot-2020-09-18-at-8.19.25-PM.png&#8221; _builder_version=&#8221;4.5.8&#8243; header_font=&#8221;Oswald|on||on|&#8221; header_font_size=&#8221;24px&#8221; body_font=&#8221;Roboto||||&#8221; body_text_color=&#8221;rgba(0,0,0,0.6)&#8221; body_font_size=&#8221;16px&#8221; body_line_height=&#8221;1.9em&#8221; animation_style=&#8221;zoom&#8221; animation_delay=&#8221;200ms&#8221; animation_intensity_zoom=&#8221;10%&#8221; locked=&#8221;off&#8221;]<\/p>\n<p>Director of Artistic Administration, Dallas Opera<\/p>\n<div class=\"page\" title=\"Page 4\">\n<div class=\"layoutArea\">\n<div class=\"column\">\n<p>David Lomeli\u0301 joined The Dallas Opera in July of 2014 as Artistic Coordinator. In June of 2015 he was promoted to Associate Artistic Administrator. In April of 2016, Mr. Lomeli\u0301 was promoted to Casting and Hart Institute for Women Conductors Manager where he assisted Music Director Emmanuel Villaume with Casting and Artistic Planning. In July of 2018, he was promoted to Director of Artistic Administration.<\/p>\n<\/div>\n<\/div>\n<\/div>\n<p>[\/et_pb_blurb][et_pb_button button_url=&#8221;#david&#8221; button_text=&#8221;Read more&#8221; button_alignment=&#8221;center&#8221; _builder_version=&#8221;4.5.8&#8243; _module_preset=&#8221;default&#8221; custom_button=&#8221;on&#8221; button_text_size=&#8221;16px&#8221; button_text_color=&#8221;#ffffff&#8221; button_bg_color=&#8221;#e02b20&#8243; box_shadow_style=&#8221;preset3&#8243;][\/et_pb_button][\/et_pb_column][et_pb_column type=&#8221;1_3&#8243; _builder_version=&#8221;3.25&#8243; custom_padding=&#8221;|||&#8221; custom_padding__hover=&#8221;|||&#8221;][et_pb_blurb title=&#8221;Melissa Wegner &#8221; image=&#8221;http:\/\/conchstyle.com\/opera\/wp-content\/uploads\/2020\/09\/Screen-Shot-2020-09-18-at-8.19.35-PM.png&#8221; _builder_version=&#8221;4.5.8&#8243; header_font=&#8221;Oswald|on||on|&#8221; header_font_size=&#8221;24px&#8221; body_font=&#8221;Roboto||||&#8221; body_text_color=&#8221;rgba(0,0,0,0.6)&#8221; body_font_size=&#8221;16px&#8221; body_line_height=&#8221;1.9em&#8221; animation_style=&#8221;zoom&#8221; animation_delay=&#8221;300ms&#8221; animation_intensity_zoom=&#8221;10%&#8221; locked=&#8221;off&#8221;]<\/p>\n<p>Executive Director, Metropolitan Opera National Council Auditions<\/p>\n<p>Melissa Wegner joined the artistic staff of the Metropolitan Opera in 2011 and currently serves as Executive Director of the National Council Auditions (MONCA). She auditions hundreds of young singers annually and is passionate about assisting them with their career development. Ms. Wegner hears artists in stage and screening auditions at the Met and is responsible for casting workshops for the Met&#8217;s New Opera Commissions. <\/p>\n<p>[\/et_pb_blurb][et_pb_button button_url=&#8221;#melissa&#8221; button_text=&#8221;Read more&#8221; button_alignment=&#8221;center&#8221; _builder_version=&#8221;4.5.8&#8243; _module_preset=&#8221;default&#8221; custom_button=&#8221;on&#8221; button_text_size=&#8221;16px&#8221; button_text_color=&#8221;#ffffff&#8221; button_bg_color=&#8221;#e02b20&#8243; box_shadow_style=&#8221;preset3&#8243;][\/et_pb_button][\/et_pb_column][\/et_pb_row][\/et_pb_section][et_pb_section fb_built=&#8221;1&#8243; custom_padding_last_edited=&#8221;off|desktop&#8221; admin_label=&#8221;Offers&#8221; module_id=&#8221;ana&#8221; module_class=&#8221;popup&#8221; _builder_version=&#8221;4.5.8&#8243; background_color=&#8221;#f4f4f4&#8243; custom_padding=&#8221;110px||110px|&#8221; da_is_popup=&#8221;on&#8221; da_popup_slug=&#8221;ana&#8221; da_disable_devices=&#8221;off|off|off&#8221; locked=&#8221;off&#8221; da_exit_intent=&#8221;off&#8221; da_has_close=&#8221;on&#8221; da_alt_close=&#8221;off&#8221; da_dark_close=&#8221;off&#8221; da_not_modal=&#8221;on&#8221; da_is_singular=&#8221;off&#8221; da_with_loader=&#8221;off&#8221; da_has_shadow=&#8221;on&#8221;][et_pb_row _builder_version=&#8221;4.5.8&#8243; _module_preset=&#8221;default&#8221;][et_pb_column type=&#8221;4_4&#8243; _builder_version=&#8221;4.5.8&#8243; _module_preset=&#8221;default&#8221;][et_pb_text _builder_version=&#8221;4.5.8&#8243; _module_preset=&#8221;default&#8221;]<\/p>\n<p><img loading=\"lazy\" decoding=\"async\" src=\"http:\/\/conchstyle.com\/opera\/wp-content\/uploads\/2020\/09\/Screen-Shot-2020-09-18-at-8.14.36-PM.png\" alt=\"\" class=\"wp-image-1180 aligncenter size-full\" width=\"698\" height=\"810\" srcset=\"http:\/\/conchstyle.com\/opera\/wp-content\/uploads\/2020\/09\/Screen-Shot-2020-09-18-at-8.14.36-PM.png 698w, http:\/\/conchstyle.com\/opera\/wp-content\/uploads\/2020\/09\/Screen-Shot-2020-09-18-at-8.14.36-PM-480x557.png 480w\" sizes=\"auto, (min-width: 0px) and (max-width: 480px) 480px, (min-width: 481px) 698px, 100vw\" \/><br \/>Ana De Archuleta<br \/>president &amp; CEO<br \/>ana@ada-artists.com<\/p>\n<p>Ana De Archuleta has quickly established herself as one of the most sought-after managers in the operatic field. Representing a thriving roster of vocalists, conductors, and directors worldwide, ADA Artists can be seen at the Metropolitan Opera, Deutsche Oper Berlin, English National Opera, Grand Th\u00e9\u00e2tre de Gen\u00e8ve, the Salzburg Festival, the Aix-en-Provence Festival, Lyric Opera of Chicago, San Francisco Opera, Washington National Opera, Houston Grand Opera, and throughout the United States, Europe, Asia, and South America.<\/p>\n<p>&nbsp;<\/p>\n<p>Ana\u2019s vast background in the arts has played a major role in her success as an artist manager. Throughout her life she has been involved in many facets of the performing arts as an instrumentalist, dancer, operatic stage manager, assistant director, opera chorister, and an operatic soloist. She is a business member of Opera America and the American Symphony league, is on the Advisory Board of Seagle Music Colony, and was invited to be a member of the 2015-2016 Women\u2019s Opera Network Steering Committee and a panelist for the National Endowment of the Arts 2017 Arts Works Opera Grants. A sought-after mentor to Resident Artists of many performing arts organizations, Ana frequently offers her insights into the business aspect of the opera world via master classes and one on one consultations. She has presented her seminar on the \u201cBusiness of Opera\u201d at Cincinnati College-Conservatory of Music, Westminster Choir College, Opera Saratoga, Opera New Jersey, Minnesota Opera, and Wolf Trap Opera among others. Additionally, she has been invited to judge multiple vocal competitions including the Metropolitan Opera National Council, Fort Worth Opera\u2019s McCammon Voice Competition, Shreveport Opera\u2019s Mary Jacobs Smith Singer of the Year Competition, and Florida Grand Opera\u2019s Young Patronesses of the Opera Vocal Competition.<\/p>\n<p>&nbsp;<\/p>\n<p>With a Bachelor\u2019s degree in Communications from the University of the Sacred Heart in San Juan, Puerto Rico and a Master of Music in Vocal Performance from the Cincinnati College-Conservatory of Music, Ana De Archuleta, formerly Ana Rodriguez, was known throughout her performing career for her versatility of voice and dramatic character. Favorite roles include Musetta in La boh\u00e8me, Servilia in La clemenza di Tito, the title role in Lucia di Lammermoor, Nina in Cherubin, Beth in Little Women, Tebaldo in Don Carlos, Barbarina in Le nozze di Figaro, and Fire in L\u2019enfant et les sortil\u00e8ges, which she performed with such companies as Minnesota Opera, Cincinnati Opera, Orlando Opera, Opera North, Puerto Rico Symphony Orchestra, Minnesota Orchestra, Cincinnati Pops Orchestra, Opera Theater of Lucca, and Pro Arte Lirico. Originally from Puerto Rico, Ana now resides in the New York City area.<\/p>\n<p>[\/et_pb_text][\/et_pb_column][\/et_pb_row][\/et_pb_section][et_pb_section fb_built=&#8221;1&#8243; custom_padding_last_edited=&#8221;off|desktop&#8221; admin_label=&#8221;Offers&#8221; module_id=&#8221;david&#8221; module_class=&#8221;popup&#8221; _builder_version=&#8221;4.5.8&#8243; background_color=&#8221;#f4f4f4&#8243; custom_padding=&#8221;110px||110px|&#8221; da_is_popup=&#8221;on&#8221; da_popup_slug=&#8221;david&#8221; da_disable_devices=&#8221;off|off|off&#8221; locked=&#8221;off&#8221; da_exit_intent=&#8221;off&#8221; da_has_close=&#8221;on&#8221; da_alt_close=&#8221;off&#8221; da_dark_close=&#8221;off&#8221; da_not_modal=&#8221;on&#8221; da_is_singular=&#8221;off&#8221; da_with_loader=&#8221;off&#8221; da_has_shadow=&#8221;on&#8221;][et_pb_row _builder_version=&#8221;4.5.8&#8243; _module_preset=&#8221;default&#8221;][et_pb_column type=&#8221;4_4&#8243; _builder_version=&#8221;4.5.8&#8243; _module_preset=&#8221;default&#8221;][et_pb_text _builder_version=&#8221;4.5.8&#8243; _module_preset=&#8221;default&#8221;]<\/p>\n<p><img loading=\"lazy\" decoding=\"async\" src=\"http:\/\/conchstyle.com\/opera\/wp-content\/uploads\/2020\/09\/Screen-Shot-2020-09-18-at-8.19.25-PM.png\" alt=\"\" class=\"wp-image-1183 aligncenter size-full\" width=\"320\" height=\"320\" srcset=\"http:\/\/conchstyle.com\/opera\/wp-content\/uploads\/2020\/09\/Screen-Shot-2020-09-18-at-8.19.25-PM.png 320w, http:\/\/conchstyle.com\/opera\/wp-content\/uploads\/2020\/09\/Screen-Shot-2020-09-18-at-8.19.25-PM-300x300.png 300w, http:\/\/conchstyle.com\/opera\/wp-content\/uploads\/2020\/09\/Screen-Shot-2020-09-18-at-8.19.25-PM-150x150.png 150w\" sizes=\"auto, (max-width: 320px) 100vw, 320px\" \/><\/p>\n<p>Director of Artistic Administration, Dallas Opera<\/p>\n<div class=\"page\" title=\"Page 4\">\n<div class=\"layoutArea\">\n<div class=\"column\">\n<p>David Lomeli\u0301 joined The Dallas Opera in July of 2014 as Artistic Coordinator. In June of 2015 he was promoted to Associate Artistic Administrator. In April of 2016, Mr. Lomeli\u0301 was promoted to Casting and Hart Institute for Women Conductors Manager where he assisted Music Director Emmanuel Villaume with Casting and Artistic Planning. In July of 2018, he was promoted to Director of Artistic Administration. While being the \uf001rst manager of the Hart Institute for Women Conductors (HIWC), the HIWC effectively recruited more than 400 conductors from more than 30 countries in the world and 50 U.S. Administrators. Before joining The Dallas Opera, Mr. Lomeli\u0301 performed as a tenor with many of the world&#8217;s leading companies worldwide such as Berlin Philharmonic, Bavarian Radio Symphony Orchestra, Los Angeles Philharmonic, Glyndenbourne Festival, Santa Fe Opera, Los Angeles Opera, and San Francisco Opera. Mr. Lomeli\u0301 earned an Engineering Degree in Computer Science from the ITESM in Mexico and a post graduate degree in International Marketing from the Politecnica de Catalunya in Barcelona, Spain. He is a recipient of the National Youth Prize in Arts by the Mexican Government and the First Prize in Placido Domingo&#8217;s Operalia in Opera and Zarzuela in 2006. He also is an alumni of some of the most prestigious training programs such as Domigo-Colburn-Stein Young Artist Program at L.A Opera, Merola Opera Program and Adler Fellowship at the San Francisco Opera and SIVAM in Mexico City. Mr. Lomeli\u0301 is \uf002uent in Spanish, Italian, French, English and beginner level in Russian. He has been featured as a guest master class teacher at the University of Oklahoma, Southern Methodist University, The University of Southern Mississippi, The Juilliard School, SIVAM Mexico and San Francisco Conservatory. Administration. While being the first manager of the Hart Institute for Women Conductors (HIWC), the HIWC effectively recruited more than 400 conductors from more than 30 countries in the world and 50 U.S. Administrators. Before joining The Dallas Opera, Mr. Lomeli\u0301 performed as a tenor with many of the world&#8217;s leading companies worldwide such as Berlin Philharmonic, Bavarian Radio Symphony Orchestra, Los Angeles Philharmonic, Glyndenbourne Festival, Santa Fe Opera, Los Angeles Opera, and San Francisco Opera. Mr. Lomeli\u0301 earned an Engineering Degree in Computer Science from the ITESM in Mexico and a post graduate degree in International Marketing from the Politecnica de Catalunya in Barcelona, Spain. He is a recipient of the National Youth Prize in Arts by the Mexican Government and the First Prize in Placido Domingo&#8217;s Operalia in Opera and Zarzuela in 2006. He also is an alumni of some of the most prestigious training programs such as Domigo-Colburn-Stein Young Artist Program at L.A Opera, Merola Opera Program and Adler Fellowship at the San Francisco Opera and SIVAM in Mexico City. Mr. Lomeli\u0301 is \uf002uent in Spanish, Italian, French, English and beginner level in Russian. He has been featured as a guest master class teacher at the University of Oklahoma, Southern Methodist University, The University of Southern Mississippi, The Juilliard School, SIVAM Mexico and San Francisco Conservatory.<\/p>\n<\/div>\n<\/div>\n<\/div>\n<p>[\/et_pb_text][\/et_pb_column][\/et_pb_row][\/et_pb_section][et_pb_section fb_built=&#8221;1&#8243; custom_padding_last_edited=&#8221;off|desktop&#8221; admin_label=&#8221;Offers&#8221; module_id=&#8221;melissa&#8221; module_class=&#8221;popup&#8221; _builder_version=&#8221;4.5.8&#8243; background_color=&#8221;#f4f4f4&#8243; custom_padding=&#8221;110px||110px|&#8221; da_is_popup=&#8221;on&#8221; da_popup_slug=&#8221;melissa&#8221; da_disable_devices=&#8221;off|off|off&#8221; locked=&#8221;off&#8221; da_exit_intent=&#8221;off&#8221; da_has_close=&#8221;on&#8221; da_alt_close=&#8221;off&#8221; da_dark_close=&#8221;off&#8221; da_not_modal=&#8221;on&#8221; da_is_singular=&#8221;off&#8221; da_with_loader=&#8221;off&#8221; da_has_shadow=&#8221;on&#8221;][et_pb_row _builder_version=&#8221;4.5.8&#8243; _module_preset=&#8221;default&#8221;][et_pb_column type=&#8221;4_4&#8243; _builder_version=&#8221;4.5.8&#8243; _module_preset=&#8221;default&#8221;][et_pb_text _builder_version=&#8221;4.5.8&#8243; _module_preset=&#8221;default&#8221;]<\/p>\n<p><img loading=\"lazy\" decoding=\"async\" src=\"http:\/\/conchstyle.com\/opera\/wp-content\/uploads\/2020\/09\/Screen-Shot-2020-09-18-at-8.19.35-PM.png\" alt=\"\" class=\"wp-image-1184 aligncenter size-full\" width=\"318\" height=\"324\" srcset=\"http:\/\/conchstyle.com\/opera\/wp-content\/uploads\/2020\/09\/Screen-Shot-2020-09-18-at-8.19.35-PM.png 318w, http:\/\/conchstyle.com\/opera\/wp-content\/uploads\/2020\/09\/Screen-Shot-2020-09-18-at-8.19.35-PM-294x300.png 294w\" sizes=\"auto, (max-width: 318px) 100vw, 318px\" \/><\/p>\n<p>Melissa Wegner joined the artistic staff of the Metropolitan Opera in 2011 and currently serves as Executive Director of the National Council Auditions (MONCA). She auditions hundreds of young singers annually and is passionate about assisting them with their career development. Ms. Wegner hears artists in stage and screening auditions at the Met and is responsible for casting workshops for the Met&#8217;s New Opera<br \/>Commissions. In addition to judging the District, Region and National rounds of MONCA, Ms. Wegner has also adjudicated the SAI Vocal Competition, the McCammon Voice Competition, and the Belvedere Competition in South Africa and Russia. She is a faculty member at Ravinia&#8217;s Steans Music Institute Program for Singers and taught the Professional Development Workshop course at Bard College. As a soprano, Ms. Wegner has performed opera, concerts and recitals in the United States and Europe. She worked at New York City Opera as a Supertitles Associate and continues this work on a freelance basis with organizations including Carnegie Hall, Lincoln Center, and BAM. Ms. Wegner is a member of Families of FANA WNY, which raises funds to support the orphanage in Colombia from which she was adopted. She is a Trustee of the Foundation Board of SUNY Potsdam, an Advisory Board Member of the Bard College Conservatory of Music and a founding member of its Vocal Arts Program Alumni Association. Ms. Wegner holds degrees from Bard College, The Manhattan School of Music, and The Crane School of Music at SUNY Potsdam.<\/p>\n<p>&nbsp;<\/p>\n<p>[\/et_pb_text][\/et_pb_column][\/et_pb_row][\/et_pb_section][et_pb_section fb_built=&#8221;1&#8243; admin_label=&#8221;CTA&#8221; _builder_version=&#8221;4.5.8&#8243; background_image=&#8221;http:\/\/conchstyle.com\/opera\/wp-content\/uploads\/2020\/09\/monc-2020-winners-met-opera-richard-termine.jpg&#8221; parallax=&#8221;on&#8221; max_width=&#8221;100%&#8221; custom_margin=&#8221;|||&#8221; custom_padding=&#8221;0px|||&#8221; da_disable_devices=&#8221;off|off|off&#8221; da_is_popup=&#8221;off&#8221; da_exit_intent=&#8221;off&#8221; da_has_close=&#8221;on&#8221; da_alt_close=&#8221;off&#8221; da_dark_close=&#8221;off&#8221; da_not_modal=&#8221;on&#8221; da_is_singular=&#8221;off&#8221; da_with_loader=&#8221;off&#8221; da_has_shadow=&#8221;on&#8221;][et_pb_row use_custom_gutter=&#8221;on&#8221; gutter_width=&#8221;1&#8243; custom_padding_last_edited=&#8221;on|phone&#8221; module_class=&#8221; et_pb_row_fullwidth&#8221; _builder_version=&#8221;3.25&#8243; use_background_color_gradient=&#8221;on&#8221; background_color_gradient_start=&#8221;#f4f4f4&#8243; background_color_gradient_end=&#8221;rgba(244,244,244,0)&#8221; background_color_gradient_end_position=&#8221;22%&#8221; width=&#8221;100%&#8221; width_tablet=&#8221;100%&#8221; width_phone=&#8221;&#8221; width_last_edited=&#8221;on|desktop&#8221; max_width=&#8221;100%&#8221; max_width_tablet=&#8221;100%&#8221; max_width_phone=&#8221;&#8221; max_width_last_edited=&#8221;on|desktop&#8221; custom_padding=&#8221;34px|0px|220px|0px||&#8221; custom_padding_tablet=&#8221;0px|||&#8221; custom_padding_phone=&#8221;&#8221; make_fullwidth=&#8221;on&#8221;][et_pb_column type=&#8221;4_4&#8243; _builder_version=&#8221;3.25&#8243; custom_padding=&#8221;|||&#8221; custom_padding__hover=&#8221;|||&#8221;][et_pb_text admin_label=&#8221;CTA Section Title&#8221; _builder_version=&#8221;4.5.8&#8243; text_font=&#8221;||||&#8221; text_line_height=&#8221;1em&#8221; header_font=&#8221;Oswald|on||on|&#8221; header_text_align=&#8221;center&#8221; header_font_size=&#8221;60px&#8221; header_line_height=&#8221;1.3em&#8221; module_alignment=&#8221;center&#8221; custom_margin=&#8221;||60px|&#8221; custom_padding=&#8221;|||&#8221; animation_style=&#8221;slide&#8221; animation_direction=&#8221;top&#8221; animation_intensity_slide=&#8221;10%&#8221; hover_enabled=&#8221;0&#8243; header_text_shadow_style=&#8221;preset1&#8243; locked=&#8221;off&#8221;]<\/p>\n<h1><span style=\"color: #ffffff;\">What are you waiting for?<\/span><\/h1>\n<p>[\/et_pb_text][et_pb_button button_url=&#8221;http:\/\/conchstyle.com\/opera\/ways-to-give\/&#8221; button_text=&#8221;join us&#8221; button_alignment=&#8221;center&#8221; _builder_version=&#8221;4.5.8&#8243; custom_button=&#8221;on&#8221; button_text_color=&#8221;#ffffff&#8221; button_bg_color=&#8221;#ed4441&#8243; button_border_color=&#8221;#ed4441&#8243; button_border_radius=&#8221;0px&#8221; button_letter_spacing=&#8221;4px&#8221; button_font=&#8221;Oswald|on||on|&#8221; button_icon=&#8221;%%3%%&#8221; button_icon_color=&#8221;#1a1a1a&#8221; button_border_color_hover=&#8221;#1a1a1a&#8221; button_border_radius_hover=&#8221;0px&#8221; button_letter_spacing_hover=&#8221;4px&#8221; button_bg_color_hover=&#8221;rgba(0,0,0,0)&#8221; locked=&#8221;off&#8221; button_text_size__hover_enabled=&#8221;off&#8221; button_one_text_size__hover_enabled=&#8221;off&#8221; button_two_text_size__hover_enabled=&#8221;off&#8221; button_text_color__hover_enabled=&#8221;off&#8221; button_one_text_color__hover_enabled=&#8221;off&#8221; button_two_text_color__hover_enabled=&#8221;off&#8221; button_border_width__hover_enabled=&#8221;off&#8221; button_one_border_width__hover_enabled=&#8221;off&#8221; button_two_border_width__hover_enabled=&#8221;off&#8221; button_border_color__hover_enabled=&#8221;on&#8221; button_border_color__hover=&#8221;#1a1a1a&#8221; button_one_border_color__hover_enabled=&#8221;off&#8221; button_two_border_color__hover_enabled=&#8221;off&#8221; button_border_radius__hover_enabled=&#8221;on&#8221; button_border_radius__hover=&#8221;0px&#8221; button_one_border_radius__hover_enabled=&#8221;off&#8221; button_two_border_radius__hover_enabled=&#8221;off&#8221; button_letter_spacing__hover_enabled=&#8221;on&#8221; button_letter_spacing__hover=&#8221;4px&#8221; button_one_letter_spacing__hover_enabled=&#8221;off&#8221; button_two_letter_spacing__hover_enabled=&#8221;off&#8221; button_bg_color__hover_enabled=&#8221;on&#8221; button_bg_color__hover=&#8221;rgba(0,0,0,0)&#8221; button_one_bg_color__hover_enabled=&#8221;off&#8221; button_two_bg_color__hover_enabled=&#8221;off&#8221;][\/et_pb_button][\/et_pb_column][\/et_pb_row][\/et_pb_section]<\/p>\n","protected":false},"excerpt":{"rendered":"<p>Meet Our 2018 JudgesPresident &amp; CEO, ADA Artist Management, New York City Ana De Archuleta has quickly established herself as one of the most sought after managers in the operatic field. Representing a thriving roster of vocalists, conductors, and directors worldwide, ADA Artists can be seen at the Metropolitan Opera, Deutsche Oper Berlin, English National [&hellip;]<\/p>\n","protected":false},"author":1,"featured_media":0,"parent":0,"menu_order":0,"comment_status":"closed","ping_status":"closed","template":"","meta":{"_et_pb_use_builder":"on","_et_pb_old_content":"","_et_gb_content_width":"","footnotes":""},"class_list":["post-1195","page","type-page","status-publish","hentry"],"_links":{"self":[{"href":"http:\/\/conchstyle.com\/opera\/wp-json\/wp\/v2\/pages\/1195","targetHints":{"allow":["GET"]}}],"collection":[{"href":"http:\/\/conchstyle.com\/opera\/wp-json\/wp\/v2\/pages"}],"about":[{"href":"http:\/\/conchstyle.com\/opera\/wp-json\/wp\/v2\/types\/page"}],"author":[{"embeddable":true,"href":"http:\/\/conchstyle.com\/opera\/wp-json\/wp\/v2\/users\/1"}],"replies":[{"embeddable":true,"href":"http:\/\/conchstyle.com\/opera\/wp-json\/wp\/v2\/comments?post=1195"}],"version-history":[{"count":6,"href":"http:\/\/conchstyle.com\/opera\/wp-json\/wp\/v2\/pages\/1195\/revisions"}],"predecessor-version":[{"id":1900,"href":"http:\/\/conchstyle.com\/opera\/wp-json\/wp\/v2\/pages\/1195\/revisions\/1900"}],"wp:attachment":[{"href":"http:\/\/conchstyle.com\/opera\/wp-json\/wp\/v2\/media?parent=1195"}],"curies":[{"name":"wp","href":"https:\/\/api.w.org\/{rel}","templated":true}]}}