{"id":2135,"date":"2023-09-11T23:55:13","date_gmt":"2023-09-11T23:55:13","guid":{"rendered":"http:\/\/conchstyle.com\/opera\/?page_id=2135"},"modified":"2023-09-25T14:11:22","modified_gmt":"2023-09-25T14:11:22","slug":"acerca","status":"publish","type":"page","link":"http:\/\/conchstyle.com\/opera\/acerca\/","title":{"rendered":"Acerca"},"content":{"rendered":"<p>[et_pb_section fb_built=&#8221;1&#8243; fullwidth=&#8221;on&#8221; _builder_version=&#8221;4.22.1&#8243; _module_preset=&#8221;default&#8221; background_color=&#8221;#233b4e&#8221; custom_margin=&#8221;||||false|false&#8221; custom_padding=&#8221;||||false|false&#8221; da_disable_devices=&#8221;off|off|off&#8221; global_colors_info=&#8221;{}&#8221; da_is_popup=&#8221;off&#8221; da_exit_intent=&#8221;off&#8221; da_has_close=&#8221;on&#8221; da_alt_close=&#8221;off&#8221; da_dark_close=&#8221;off&#8221; da_not_modal=&#8221;on&#8221; da_is_singular=&#8221;off&#8221; da_with_loader=&#8221;off&#8221; da_has_shadow=&#8221;on&#8221;][et_pb_fullwidth_header title=&#8221;SAN MIGUEL MET OPERA TRUST:  VISION\/MISSION\/STRATEGIES&#8221; header_fullscreen=&#8221;on&#8221; background_overlay_color=&#8221;rgba(35,59,78,0.18)&#8221; _builder_version=&#8221;4.22.1&#8243; _module_preset=&#8221;default&#8221; title_font=&#8221;Oswald||||||||&#8221; title_font_size=&#8221;60px&#8221; background_enable_color=&#8221;off&#8221; background_image=&#8221;http:\/\/conchstyle.com\/opera\/wp-content\/uploads\/2023\/08\/Sponsor-benefits-galeria-1-scaled-1.jpg&#8221; custom_margin=&#8221;||||false|false&#8221; custom_padding=&#8221;||||false|false&#8221; global_colors_info=&#8221;{}&#8221;][\/et_pb_fullwidth_header][\/et_pb_section][et_pb_section fb_built=&#8221;1&#8243; custom_padding_last_edited=&#8221;on|tablet&#8221; admin_label=&#8221;Our Guides&#8221; _builder_version=&#8221;4.16&#8243; custom_padding=&#8221;7px||110px|||&#8221; custom_padding_tablet=&#8221;60px||60px|&#8221; custom_padding_phone=&#8221;&#8221; da_disable_devices=&#8221;off|off|off&#8221; global_colors_info=&#8221;{}&#8221; da_is_popup=&#8221;off&#8221; da_exit_intent=&#8221;off&#8221; da_has_close=&#8221;on&#8221; da_alt_close=&#8221;off&#8221; da_dark_close=&#8221;off&#8221; da_not_modal=&#8221;on&#8221; da_is_singular=&#8221;off&#8221; da_with_loader=&#8221;off&#8221; da_has_shadow=&#8221;on&#8221;][et_pb_row _builder_version=&#8221;4.16&#8243; _module_preset=&#8221;default&#8221; global_colors_info=&#8221;{}&#8221;][et_pb_column type=&#8221;4_4&#8243; _builder_version=&#8221;4.16&#8243; _module_preset=&#8221;default&#8221; global_colors_info=&#8221;{}&#8221;][et_pb_text _builder_version=&#8221;4.22.2&#8243; _module_preset=&#8221;default&#8221; text_font_size=&#8221;16px&#8221; header_2_font=&#8221;Roboto||||||||&#8221; header_2_line_height=&#8221;1.3em&#8221; hover_enabled=&#8221;0&#8243; global_colors_info=&#8221;{}&#8221; header_line_height=&#8221;1.4em&#8221; sticky_enabled=&#8221;0&#8243;]<\/p>\n<h1><strong>La VISI\u00d3N del San Miguel MetOpera Trust es lograr el reconocimiento internacional de destacados j\u00f3venes Mexicanos cantantes de \u00f3pera congruente al nivel de su talento.<\/strong><\/h1>\n<p>[\/et_pb_text][et_pb_text _builder_version=&#8221;4.22.2&#8243; _module_preset=&#8221;default&#8221; header_font=&#8221;Belleza||||||||&#8221; header_text_align=&#8221;center&#8221; header_text_color=&#8221;#0C71C3&#8243; header_font_size=&#8221;70px&#8221; hover_enabled=&#8221;0&#8243; global_colors_info=&#8221;{}&#8221; sticky_enabled=&#8221;0&#8243;]<\/p>\n<h1 style=\"text-align: center;\">Nuestra Misi\u00f3n<\/h1>\n<p>[\/et_pb_text][\/et_pb_column][\/et_pb_row][et_pb_row column_structure=&#8221;1_3,1_3,1_3&#8243; _builder_version=&#8221;4.22.1&#8243; _module_preset=&#8221;default&#8221; global_colors_info=&#8221;{}&#8221;][et_pb_column type=&#8221;1_3&#8243; _builder_version=&#8221;4.22.1&#8243; _module_preset=&#8221;default&#8221; global_colors_info=&#8221;{}&#8221;][et_pb_text _builder_version=&#8221;4.22.2&#8243; _module_preset=&#8221;default&#8221; text_font=&#8221;Belleza|700|||||||&#8221; text_font_size=&#8221;21px&#8221; header_font=&#8221;Belleza||||||||&#8221; header_font_size=&#8221;48px&#8221; hover_enabled=&#8221;0&#8243; global_colors_info=&#8221;{}&#8221; sticky_enabled=&#8221;0&#8243;]<\/p>\n<h1 style=\"text-align: center;\"><span style=\"color: #ff0000;\">A.<\/span><\/h1>\n<p>Identificar las mejores voces en M\u00e9xico;<\/p>\n<p>[\/et_pb_text][\/et_pb_column][et_pb_column type=&#8221;1_3&#8243; _builder_version=&#8221;4.22.1&#8243; _module_preset=&#8221;default&#8221; global_colors_info=&#8221;{}&#8221;][et_pb_text _builder_version=&#8221;4.22.2&#8243; _module_preset=&#8221;default&#8221; text_font=&#8221;Belleza|700|||||||&#8221; text_font_size=&#8221;21px&#8221; header_font=&#8221;Belleza||||||||&#8221; header_font_size=&#8221;48px&#8221; hover_enabled=&#8221;0&#8243; global_colors_info=&#8221;{}&#8221; sticky_enabled=&#8221;0&#8243;]<\/p>\n<h1 style=\"text-align: center;\"><span style=\"color: #ff0000;\">B.<\/span><\/h1>\n<p>Proveer a esos cantantes con la oportunidad de ser escuchados por las personas m\u00e1s importantes en el mundo de la \u00f3pera;<\/p>\n<p>[\/et_pb_text][\/et_pb_column][et_pb_column type=&#8221;1_3&#8243; _builder_version=&#8221;4.22.1&#8243; _module_preset=&#8221;default&#8221; global_colors_info=&#8221;{}&#8221;][et_pb_text _builder_version=&#8221;4.22.2&#8243; _module_preset=&#8221;default&#8221; text_font=&#8221;Belleza|700|||||||&#8221; text_font_size=&#8221;21px&#8221; header_font=&#8221;Belleza||||||||&#8221; header_font_size=&#8221;48px&#8221; hover_enabled=&#8221;0&#8243; global_colors_info=&#8221;{}&#8221; sticky_enabled=&#8221;0&#8243;]<\/p>\n<h1 style=\"text-align: center;\"><span style=\"color: #ff0000;\">C.<\/span><\/h1>\n<p>Apoyar a esos cantantes en las etapas tempranas de la construcci\u00f3n de una carrera internacional.<\/p>\n<p>[\/et_pb_text][\/et_pb_column][\/et_pb_row][et_pb_row _builder_version=&#8221;4.22.1&#8243; _module_preset=&#8221;default&#8221; global_colors_info=&#8221;{}&#8221;][et_pb_column type=&#8221;4_4&#8243; _builder_version=&#8221;4.22.1&#8243; _module_preset=&#8221;default&#8221; global_colors_info=&#8221;{}&#8221;][\/et_pb_column][\/et_pb_row][et_pb_row _builder_version=&#8221;4.16&#8243; _module_preset=&#8221;default&#8221; global_colors_info=&#8221;{}&#8221;][et_pb_column type=&#8221;4_4&#8243; _builder_version=&#8221;4.16&#8243; _module_preset=&#8221;default&#8221; global_colors_info=&#8221;{}&#8221;][et_pb_text _builder_version=&#8221;4.22.2&#8243; _module_preset=&#8221;default&#8221; header_font=&#8221;Belleza|700|||||||&#8221; header_text_color=&#8221;#0C71C3&#8243; header_font_size=&#8221;70px&#8221; hover_enabled=&#8221;0&#8243; global_colors_info=&#8221;{}&#8221; sticky_enabled=&#8221;0&#8243;]<\/p>\n<h1 style=\"text-align: center;\">Nuestras Estrategias<\/h1>\n<h1 style=\"text-align: center;\"><strong>\u00a0<\/strong><\/h1>\n<p>[\/et_pb_text][\/et_pb_column][\/et_pb_row][et_pb_row column_structure=&#8221;1_3,1_3,1_3&#8243; _builder_version=&#8221;4.22.1&#8243; _module_preset=&#8221;default&#8221; global_colors_info=&#8221;{}&#8221;][et_pb_column type=&#8221;1_3&#8243; _builder_version=&#8221;4.22.1&#8243; _module_preset=&#8221;default&#8221; global_colors_info=&#8221;{}&#8221;][et_pb_text _builder_version=&#8221;4.22.2&#8243; _module_preset=&#8221;default&#8221; text_font=&#8221;Belleza|700|||||||&#8221; text_font_size=&#8221;21px&#8221; header_font=&#8221;Belleza||||||||&#8221; header_font_size=&#8221;48px&#8221; hover_enabled=&#8221;0&#8243; global_colors_info=&#8221;{}&#8221; sticky_enabled=&#8221;0&#8243;]<\/p>\n<h1 style=\"text-align: center;\"><span style=\"color: #ff0000;\">A.<\/span><\/h1>\n<p>Establecer y mantener relaci\u00f3n con los profesionales de la \u00f3pera en M\u00e9xico que puedan ayudarnos a identificar talentos;<\/p>\n<p>[\/et_pb_text][\/et_pb_column][et_pb_column type=&#8221;1_3&#8243; _builder_version=&#8221;4.22.1&#8243; _module_preset=&#8221;default&#8221; global_colors_info=&#8221;{}&#8221;][et_pb_text _builder_version=&#8221;4.22.2&#8243; _module_preset=&#8221;default&#8221; text_font=&#8221;Belleza|700|||||||&#8221; text_font_size=&#8221;21px&#8221; header_font=&#8221;Belleza||||||||&#8221; header_font_size=&#8221;48px&#8221; hover_enabled=&#8221;0&#8243; global_colors_info=&#8221;{}&#8221; sticky_enabled=&#8221;0&#8243;]<\/p>\n<h1 style=\"text-align: center;\"><span style=\"color: #ff0000;\">B.<\/span><\/h1>\n<p>Asegurar el apoyo y financiamiento completo para las Audiciones en el Distrito M\u00e9xico del MetOpera National Council, celebradas anualmente en San Miguel de Allende<\/p>\n<p>[\/et_pb_text][\/et_pb_column][et_pb_column type=&#8221;1_3&#8243; _builder_version=&#8221;4.22.1&#8243; _module_preset=&#8221;default&#8221; global_colors_info=&#8221;{}&#8221;][et_pb_text _builder_version=&#8221;4.22.2&#8243; _module_preset=&#8221;default&#8221; text_font=&#8221;Belleza|700|||||||&#8221; text_font_size=&#8221;21px&#8221; header_font=&#8221;Belleza||||||||&#8221; header_font_size=&#8221;48px&#8221; hover_enabled=&#8221;0&#8243; global_colors_info=&#8221;{}&#8221; sticky_enabled=&#8221;0&#8243;]<\/p>\n<h1 style=\"text-align: center;\"><span style=\"color: #ff0000;\">C.<\/span><\/h1>\n<p>Preparar a los ganadores anuales del Distrito M\u00e9xico para que sean exitosos en la pr\u00f3xima ronda, las Audiciones Regionales de la Costa del Golfo en Nueva Orleans, proporcionando coachings, instrucci\u00f3n vocal y direcci\u00f3n esc\u00e9nica con maestros que trabajan regularmente dentro de los est\u00e1ndares de la industria de la \u00f3pera en Estados Unidos.<\/p>\n<p>[\/et_pb_text][\/et_pb_column][\/et_pb_row][\/et_pb_section][et_pb_section fb_built=&#8221;1&#8243; fullwidth=&#8221;on&#8221; _builder_version=&#8221;4.16&#8243; _module_preset=&#8221;default&#8221; da_disable_devices=&#8221;off|off|off&#8221; global_colors_info=&#8221;{}&#8221; da_is_popup=&#8221;off&#8221; da_exit_intent=&#8221;off&#8221; da_has_close=&#8221;on&#8221; da_alt_close=&#8221;off&#8221; da_dark_close=&#8221;off&#8221; da_not_modal=&#8221;on&#8221; da_is_singular=&#8221;off&#8221; da_with_loader=&#8221;off&#8221; da_has_shadow=&#8221;on&#8221;][et_pb_fullwidth_header title=&#8221;Thank you&#8221; header_fullscreen=&#8221;on&#8221; _builder_version=&#8221;4.16&#8243; _module_preset=&#8221;default&#8221; title_font=&#8221;Oswald||||||||&#8221; title_text_align=&#8221;center&#8221; title_font_size=&#8221;80px&#8221; background_enable_color=&#8221;off&#8221; background_image=&#8221;http:\/\/conchstyle.com\/opera\/wp-content\/uploads\/2020\/09\/d7k3390_49652518606_o-2-scaled.jpg&#8221; global_colors_info=&#8221;{}&#8221;][\/et_pb_fullwidth_header][\/et_pb_section]<\/p>\n","protected":false},"excerpt":{"rendered":"<p>La VISI\u00d3N del San Miguel MetOpera Trust es lograr el reconocimiento internacional de destacados j\u00f3venes Mexicanos cantantes de \u00f3pera congruente al nivel de su talento.Nuestra Misi\u00f3nA. Identificar las mejores voces en M\u00e9xico;B. Proveer a esos cantantes con la oportunidad de ser escuchados por las personas m\u00e1s importantes en el mundo de la \u00f3pera;C. Apoyar a [&hellip;]<\/p>\n","protected":false},"author":1,"featured_media":0,"parent":0,"menu_order":0,"comment_status":"closed","ping_status":"closed","template":"","meta":{"_et_pb_use_builder":"on","_et_pb_old_content":"","_et_gb_content_width":"","footnotes":""},"class_list":["post-2135","page","type-page","status-publish","hentry"],"_links":{"self":[{"href":"http:\/\/conchstyle.com\/opera\/wp-json\/wp\/v2\/pages\/2135","targetHints":{"allow":["GET"]}}],"collection":[{"href":"http:\/\/conchstyle.com\/opera\/wp-json\/wp\/v2\/pages"}],"about":[{"href":"http:\/\/conchstyle.com\/opera\/wp-json\/wp\/v2\/types\/page"}],"author":[{"embeddable":true,"href":"http:\/\/conchstyle.com\/opera\/wp-json\/wp\/v2\/users\/1"}],"replies":[{"embeddable":true,"href":"http:\/\/conchstyle.com\/opera\/wp-json\/wp\/v2\/comments?post=2135"}],"version-history":[{"count":2,"href":"http:\/\/conchstyle.com\/opera\/wp-json\/wp\/v2\/pages\/2135\/revisions"}],"predecessor-version":[{"id":2770,"href":"http:\/\/conchstyle.com\/opera\/wp-json\/wp\/v2\/pages\/2135\/revisions\/2770"}],"wp:attachment":[{"href":"http:\/\/conchstyle.com\/opera\/wp-json\/wp\/v2\/media?parent=2135"}],"curies":[{"name":"wp","href":"https:\/\/api.w.org\/{rel}","templated":true}]}}