{"id":2137,"date":"2023-09-11T23:56:41","date_gmt":"2023-09-11T23:56:41","guid":{"rendered":"http:\/\/conchstyle.com\/opera\/?page_id=2137"},"modified":"2023-09-25T14:12:44","modified_gmt":"2023-09-25T14:12:44","slug":"historias","status":"publish","type":"page","link":"http:\/\/conchstyle.com\/opera\/historias\/","title":{"rendered":"Historias"},"content":{"rendered":"<p>[et_pb_section fb_built=&#8221;1&#8243; custom_padding_last_edited=&#8221;on|tablet&#8221; admin_label=&#8221;Our Guides&#8221; _builder_version=&#8221;4.16&#8243; background_image=&#8221;http:\/\/conchstyle.com\/opera\/wp-content\/uploads\/2020\/09\/d7k3067_49530828047_o-scaled.jpg&#8221; custom_padding=&#8221;110px||110px|&#8221; custom_padding_tablet=&#8221;60px||60px|&#8221; custom_padding_phone=&#8221;&#8221; da_disable_devices=&#8221;off|off|off&#8221; global_colors_info=&#8221;{}&#8221; da_is_popup=&#8221;off&#8221; da_exit_intent=&#8221;off&#8221; da_has_close=&#8221;on&#8221; da_alt_close=&#8221;off&#8221; da_dark_close=&#8221;off&#8221; da_not_modal=&#8221;on&#8221; da_is_singular=&#8221;off&#8221; da_with_loader=&#8221;off&#8221; da_has_shadow=&#8221;on&#8221;][et_pb_row custom_padding_last_edited=&#8221;on|tablet&#8221; admin_label=&#8221;Our Guides Title&#8221; _builder_version=&#8221;4.16&#8243; background_size=&#8221;initial&#8221; background_position=&#8221;top_left&#8221; background_repeat=&#8221;repeat&#8221; custom_padding=&#8221;30px|0px|120px|0px&#8221; custom_padding_tablet=&#8221;0px||0px|&#8221; custom_padding_phone=&#8221;&#8221; global_colors_info=&#8221;{}&#8221;][et_pb_column type=&#8221;4_4&#8243; _builder_version=&#8221;4.16&#8243; custom_padding=&#8221;|||&#8221; global_colors_info=&#8221;{}&#8221; custom_padding__hover=&#8221;|||&#8221;][et_pb_text admin_label=&#8221;Team Title&#8221; _builder_version=&#8221;4.22.1&#8243; text_font=&#8221;||||&#8221; text_text_color=&#8221;#1a1a1a&#8221; header_font=&#8221;Oswald|on||on|&#8221; header_text_align=&#8221;center&#8221; header_font_size=&#8221;60px&#8221; header_line_height=&#8221;1.3em&#8221; background_size=&#8221;initial&#8221; background_position=&#8221;top_left&#8221; background_repeat=&#8221;repeat&#8221; module_alignment=&#8221;center&#8221; custom_margin=&#8221;-111px||||false|false&#8221; custom_padding=&#8221;|||&#8221; animation_style=&#8221;slide&#8221; animation_direction=&#8221;top&#8221; animation_intensity_slide=&#8221;10%&#8221; locked=&#8221;off&#8221; global_colors_info=&#8221;{}&#8221;]<\/p>\n<h1><span style=\"color: #ffffff;\"><\/span><\/h1>\n<h1><span style=\"color: #ffffff;\"><\/span><\/h1>\n<h1><span style=\"color: #ffffff;\"><\/span><\/h1>\n<h1><span style=\"color: #ffffff;\"><\/span><\/h1>\n<h1><span style=\"color: #ffffff;\"><\/span><\/h1>\n<h1><span style=\"color: #ffffff;\">San Miguel MetOpera Trust, A.C.<\/span><\/h1>\n<p>[\/et_pb_text][\/et_pb_column][\/et_pb_row][et_pb_row admin_label=&#8221;Guides Grid&#8221; _builder_version=&#8221;4.16&#8243; custom_padding=&#8221;40px|0px|40px|0px&#8221; global_colors_info=&#8221;{}&#8221;][et_pb_column type=&#8221;4_4&#8243; _builder_version=&#8221;4.16&#8243; custom_padding=&#8221;|||&#8221; global_colors_info=&#8221;{}&#8221; custom_padding__hover=&#8221;|||&#8221;][\/et_pb_column][\/et_pb_row][\/et_pb_section][et_pb_section fb_built=&#8221;1&#8243; custom_padding_last_edited=&#8221;on|tablet&#8221; admin_label=&#8221;Our Guides&#8221; _builder_version=&#8221;4.22.1&#8243; custom_padding=&#8221;20px||110px|||&#8221; custom_padding_tablet=&#8221;60px||60px|&#8221; custom_padding_phone=&#8221;&#8221; da_disable_devices=&#8221;off|off|off&#8221; global_colors_info=&#8221;{}&#8221; da_is_popup=&#8221;off&#8221; da_exit_intent=&#8221;off&#8221; da_has_close=&#8221;on&#8221; da_alt_close=&#8221;off&#8221; da_dark_close=&#8221;off&#8221; da_not_modal=&#8221;on&#8221; da_is_singular=&#8221;off&#8221; da_with_loader=&#8221;off&#8221; da_has_shadow=&#8221;on&#8221;][et_pb_row admin_label=&#8221;Guides Grid&#8221; _builder_version=&#8221;4.16&#8243; custom_padding=&#8221;40px|0px|40px|0px&#8221; global_colors_info=&#8221;{}&#8221;][et_pb_column type=&#8221;4_4&#8243; _builder_version=&#8221;4.16&#8243; custom_padding=&#8221;|||&#8221; global_colors_info=&#8221;{}&#8221; custom_padding__hover=&#8221;|||&#8221;][et_pb_text _builder_version=&#8221;4.22.2&#8243; _module_preset=&#8221;default&#8221; text_font=&#8221;Belleza||||||||&#8221; text_font_size=&#8221;19px&#8221; min_height=&#8221;200.8px&#8221; hover_enabled=&#8221;0&#8243; global_colors_info=&#8221;{}&#8221; sticky_enabled=&#8221;0&#8243;]<\/p>\n<section class=\"elementor-section elementor-inner-section elementor-element elementor-element-2bb2d1c elementor-section-boxed elementor-section-height-default elementor-section-height-default\" data-id=\"2bb2d1c\" data-element_type=\"section\">\n<div class=\"elementor-container elementor-column-gap-default\">\n<div class=\"elementor-column elementor-col-100 elementor-inner-column elementor-element elementor-element-15979ad3\" data-id=\"15979ad3\" data-element_type=\"column\">\n<div class=\"elementor-widget-wrap elementor-element-populated\">\n<div class=\"elementor-element elementor-element-7a592d1 paragraphNormal elementor-widget elementor-widget-text-box\" data-id=\"7a592d1\" data-element_type=\"widget\" data-widget_type=\"text-box.default\">\n<div class=\"elementor-widget-container\">\n<div class=\"text-box\" data-scroll=\"\" data-scroll-speed=\"\">\n<p style=\"text-align: center;\">San Miguel MetOpera Trust, A.C. (SMMT) fue constituida en la Ciudad de M\u00e9xico en junio de 2019 con el prop\u00f3sito de asegurar que los mejores j\u00f3venes cantantes de \u00f3pera mexicanos logren una posici\u00f3n en el mundo de la \u00f3pera internacional a la altura de su talento. SMMT brinda oportunidades para que estos cantantes sean escuchados por las personas m\u00e1s importantes en el mundo de la \u00f3pera y los ayuda a comenzar a construir una carrera internacional. <a title=\"Leer la misi\u00f3n\" href=\"https:\/\/sanmiguelmetoperatrust.org\/es\/acerca\/\"><strong>Leer la misi\u00f3n.<\/strong><\/a><\/p>\n<p style=\"text-align: center;\">SMMT lleva a cabo las audiciones anuales del Distrito M\u00e9xico del Metropolitan Opera National Council, que se llevan a cabo en San Miguel de Allende, Guanajuato, y que son el Preludio a Nueva Orleans del Distrito M\u00e9xico. Apoya a sus ganadores mientras enfrentan los desaf\u00edos en su camino para dejar huella en el mundo de la \u00f3pera.<\/p>\n<\/div>\n<\/div>\n<\/div>\n<\/div>\n<\/div>\n<\/div>\n<\/section>\n<p>[\/et_pb_text][\/et_pb_column][\/et_pb_row][\/et_pb_section][et_pb_section fb_built=&#8221;1&#8243; admin_label=&#8221;CTA&#8221; _builder_version=&#8221;4.16&#8243; background_image=&#8221;http:\/\/conchstyle.com\/opera\/wp-content\/uploads\/2020\/09\/d7k3060_49530830012_o-scaled.jpg&#8221; parallax=&#8221;on&#8221; custom_margin=&#8221;|||&#8221; custom_padding=&#8221;0px|||&#8221; da_disable_devices=&#8221;off|off|off&#8221; global_colors_info=&#8221;{}&#8221; da_is_popup=&#8221;off&#8221; da_exit_intent=&#8221;off&#8221; da_has_close=&#8221;on&#8221; da_alt_close=&#8221;off&#8221; da_dark_close=&#8221;off&#8221; da_not_modal=&#8221;on&#8221; da_is_singular=&#8221;off&#8221; da_with_loader=&#8221;off&#8221; da_has_shadow=&#8221;on&#8221;][et_pb_row use_custom_gutter=&#8221;on&#8221; gutter_width=&#8221;1&#8243; custom_padding_last_edited=&#8221;on|phone&#8221; module_class=&#8221; et_pb_row_fullwidth&#8221; _builder_version=&#8221;4.16&#8243; use_background_color_gradient=&#8221;on&#8221; background_color_gradient_stops=&#8221;#f4f4f4 0%|rgba(244,244,244,0) 22%&#8221; background_color_gradient_start=&#8221;#f4f4f4&#8243; background_color_gradient_end=&#8221;rgba(244,244,244,0)&#8221; background_color_gradient_end_position=&#8221;22%&#8221; width=&#8221;100%&#8221; width_tablet=&#8221;100%&#8221; width_phone=&#8221;&#8221; width_last_edited=&#8221;on|desktop&#8221; max_width=&#8221;100%&#8221; max_width_tablet=&#8221;100%&#8221; max_width_phone=&#8221;&#8221; max_width_last_edited=&#8221;on|desktop&#8221; custom_padding=&#8221;220px|0px|220px|0px&#8221; custom_padding_tablet=&#8221;0px|||&#8221; custom_padding_phone=&#8221;&#8221; make_fullwidth=&#8221;on&#8221; global_colors_info=&#8221;{}&#8221;][et_pb_column type=&#8221;4_4&#8243; _builder_version=&#8221;4.16&#8243; custom_padding=&#8221;|||&#8221; global_colors_info=&#8221;{}&#8221; custom_padding__hover=&#8221;|||&#8221;][et_pb_text admin_label=&#8221;CTA Section Title&#8221; _builder_version=&#8221;4.22.1&#8243; text_font=&#8221;||||&#8221; text_line_height=&#8221;1em&#8221; header_font=&#8221;Oswald|on||on|&#8221; header_text_align=&#8221;center&#8221; header_font_size=&#8221;60px&#8221; header_line_height=&#8221;1.3em&#8221; module_alignment=&#8221;center&#8221; custom_margin=&#8221;||60px|&#8221; custom_padding=&#8221;|||&#8221; animation_style=&#8221;slide&#8221; animation_direction=&#8221;top&#8221; animation_intensity_slide=&#8221;10%&#8221; locked=&#8221;off&#8221; global_colors_info=&#8221;{}&#8221;]<\/p>\n<h1><span style=\"color: #ffffff;\">Thank You<br \/><\/span><\/h1>\n<p>[\/et_pb_text][et_pb_image show_bottom_space=&#8221;off&#8221; align=&#8221;center&#8221; align_tablet=&#8221;center&#8221; align_phone=&#8221;&#8221; align_last_edited=&#8221;on|desktop&#8221; _builder_version=&#8221;4.16&#8243; custom_margin=&#8221;100px|||&#8221; global_colors_info=&#8221;{}&#8221;][\/et_pb_image][\/et_pb_column][\/et_pb_row][\/et_pb_section]<\/p>\n","protected":false},"excerpt":{"rendered":"<p>San Miguel MetOpera Trust, A.C. San Miguel MetOpera Trust, A.C. (SMMT) fue constituida en la Ciudad de M\u00e9xico en junio de 2019 con el prop\u00f3sito de asegurar que los mejores j\u00f3venes cantantes de \u00f3pera mexicanos logren una posici\u00f3n en el mundo de la \u00f3pera internacional a la altura de su talento. SMMT brinda oportunidades para [&hellip;]<\/p>\n","protected":false},"author":1,"featured_media":0,"parent":0,"menu_order":0,"comment_status":"closed","ping_status":"closed","template":"","meta":{"_et_pb_use_builder":"on","_et_pb_old_content":"","_et_gb_content_width":"","footnotes":""},"class_list":["post-2137","page","type-page","status-publish","hentry"],"_links":{"self":[{"href":"http:\/\/conchstyle.com\/opera\/wp-json\/wp\/v2\/pages\/2137","targetHints":{"allow":["GET"]}}],"collection":[{"href":"http:\/\/conchstyle.com\/opera\/wp-json\/wp\/v2\/pages"}],"about":[{"href":"http:\/\/conchstyle.com\/opera\/wp-json\/wp\/v2\/types\/page"}],"author":[{"embeddable":true,"href":"http:\/\/conchstyle.com\/opera\/wp-json\/wp\/v2\/users\/1"}],"replies":[{"embeddable":true,"href":"http:\/\/conchstyle.com\/opera\/wp-json\/wp\/v2\/comments?post=2137"}],"version-history":[{"count":2,"href":"http:\/\/conchstyle.com\/opera\/wp-json\/wp\/v2\/pages\/2137\/revisions"}],"predecessor-version":[{"id":2771,"href":"http:\/\/conchstyle.com\/opera\/wp-json\/wp\/v2\/pages\/2137\/revisions\/2771"}],"wp:attachment":[{"href":"http:\/\/conchstyle.com\/opera\/wp-json\/wp\/v2\/media?parent=2137"}],"curies":[{"name":"wp","href":"https:\/\/api.w.org\/{rel}","templated":true}]}}