{"id":2299,"date":"2023-09-15T01:30:09","date_gmt":"2023-09-15T01:30:09","guid":{"rendered":"http:\/\/conchstyle.com\/opera\/?page_id=2299"},"modified":"2023-09-28T19:19:44","modified_gmt":"2023-09-28T19:19:44","slug":"rocky-mountain-prelude-sp","status":"publish","type":"page","link":"http:\/\/conchstyle.com\/opera\/rocky-mountain-prelude-sp\/","title":{"rendered":"Preludio a los EU"},"content":{"rendered":"<p>[et_pb_section fb_built=&#8221;1&#8243; fullwidth=&#8221;on&#8221; disabled_on=&#8221;off|off|off&#8221; admin_label=&#8221;Hero&#8221; _builder_version=&#8221;4.22.1&#8243; background_enable_color=&#8221;off&#8221; parallax=&#8221;on&#8221; custom_padding=&#8221;0px|0px|0px|0px&#8221; da_disable_devices=&#8221;off|off|off&#8221; global_colors_info=&#8221;{}&#8221; da_is_popup=&#8221;off&#8221; da_exit_intent=&#8221;off&#8221; da_has_close=&#8221;on&#8221; da_alt_close=&#8221;off&#8221; da_dark_close=&#8221;off&#8221; da_not_modal=&#8221;on&#8221; da_is_singular=&#8221;off&#8221; da_with_loader=&#8221;off&#8221; da_has_shadow=&#8221;on&#8221;][et_pb_fullwidth_header title=&#8221;Prelude to the USA&#8221; background_overlay_color=&#8221;RGBA(255,255,255,0)&#8221; content_max_width=&#8221;807px&#8221; admin_label=&#8221;Hero Section&#8221; _builder_version=&#8221;4.22.2&#8243; title_font=&#8221;Oswald|700|||||||&#8221; title_font_size=&#8221;63px&#8221; title_line_height=&#8221;1.3em&#8221; content_font=&#8221;Roboto|700|||||||&#8221; content_font_size=&#8221;22px&#8221; background_color=&#8221;rgba(255, 255, 255, 0)&#8221; background_image=&#8221;http:\/\/conchstyle.com\/opera\/wp-content\/uploads\/2023\/09\/Prelude-to-USA-cover.jpg&#8221; parallax=&#8221;on&#8221; parallax_method=&#8221;on&#8221; custom_button_one=&#8221;on&#8221; button_one_border_radius=&#8221;0px&#8221; button_one_letter_spacing=&#8221;4px&#8221; button_one_font=&#8221;Oswald|on||on|&#8221; button_one_icon=&#8221;&#x24;||divi||400&#8243; button_one_icon_color=&#8221;#ffffff&#8221; min_height=&#8221;471px&#8221; height=&#8221;471px&#8221; custom_margin=&#8221;3px||-2px||false|false&#8221; custom_padding=&#8221;143px||132px||false|false&#8221; custom_padding_tablet=&#8221;60px||60px|&#8221; custom_padding_phone=&#8221;&#8221; custom_padding_last_edited=&#8221;on|tablet&#8221; animation_style=&#8221;zoom&#8221; animation_direction=&#8221;bottom&#8221; animation_intensity_zoom=&#8221;4%&#8221; hover_enabled=&#8221;0&#8243; button_one_text_color_hover=&#8221;#ffffff&#8221; button_one_border_color_hover=&#8221;#ffffff&#8221; button_one_border_radius_hover=&#8221;0px&#8221; button_one_letter_spacing_hover=&#8221;4px&#8221; button_one_bg_color_hover=&#8221;rgba(0,0,0,0)&#8221; global_colors_info=&#8221;{}&#8221; button_one_text_size__hover_enabled=&#8221;off&#8221; button_two_text_size__hover_enabled=&#8221;off&#8221; button_one_text_color__hover_enabled=&#8221;on&#8221; button_one_text_color__hover=&#8221;#ffffff&#8221; button_two_text_color__hover_enabled=&#8221;off&#8221; button_one_border_width__hover_enabled=&#8221;off&#8221; button_two_border_width__hover_enabled=&#8221;off&#8221; button_one_border_color__hover_enabled=&#8221;on&#8221; button_one_border_color__hover=&#8221;#ffffff&#8221; button_two_border_color__hover_enabled=&#8221;off&#8221; button_one_border_radius__hover_enabled=&#8221;on&#8221; button_one_border_radius__hover=&#8221;0px&#8221; button_two_border_radius__hover_enabled=&#8221;off&#8221; button_one_letter_spacing__hover_enabled=&#8221;on&#8221; button_one_letter_spacing__hover=&#8221;4px&#8221; button_two_letter_spacing__hover_enabled=&#8221;off&#8221; button_one_bg_color__hover_enabled=&#8221;on&#8221; button_one_bg_color__hover=&#8221;rgba(0,0,0,0)&#8221; button_two_bg_color__hover_enabled=&#8221;off&#8221; title_text=&#8221;Prelude to USA cover&#8221; sticky_enabled=&#8221;0&#8243;][\/et_pb_fullwidth_header][\/et_pb_section][et_pb_section fb_built=&#8221;1&#8243; admin_label=&#8221;Gallery&#8221; _builder_version=&#8221;4.16&#8243; custom_padding=&#8221;0px||0px|&#8221; da_disable_devices=&#8221;off|off|off&#8221; global_colors_info=&#8221;{}&#8221; da_is_popup=&#8221;off&#8221; da_exit_intent=&#8221;off&#8221; da_has_close=&#8221;on&#8221; da_alt_close=&#8221;off&#8221; da_dark_close=&#8221;off&#8221; da_not_modal=&#8221;on&#8221; da_is_singular=&#8221;off&#8221; da_with_loader=&#8221;off&#8221; da_has_shadow=&#8221;on&#8221;][et_pb_row _builder_version=&#8221;4.22.2&#8243; _module_preset=&#8221;default&#8221; global_colors_info=&#8221;{}&#8221;][et_pb_column type=&#8221;4_4&#8243; _builder_version=&#8221;4.22.2&#8243; _module_preset=&#8221;default&#8221; global_colors_info=&#8221;{}&#8221;][et_pb_text _builder_version=&#8221;4.22.2&#8243; _module_preset=&#8221;default&#8221; global_colors_info=&#8221;{}&#8221;]<\/p>\n<h1><em><span style=\"color: #ff0000;\">El Distrito M\u00e9xico del Concurso Laffont del MetOpera ofrece a sus ganadores dos beneficios que ning\u00fan otro Distrito del Concurso ofrece:<\/span><\/em><\/h1>\n<p>&nbsp;<\/p>\n<ul>\n<li style=\"text-align: center;\">Un programa intensivo de entrenamiento de tres a cuatro d\u00edas, nuestro<em> Preludio a los EE. UU.<\/em>, para llevarlos a su m\u00e1ximo nivel de rendimiento, prepar\u00e1ndolos para competir en su mejor nivel en la pr\u00f3xima ronda regional de la Competencia, y<\/li>\n<li style=\"text-align: center;\">Participar el Concierto de Ganadores en San Miguel de Allende, que los desafiar\u00e1 a aprender material nuevo, requerir\u00e1 que trabajen en conjunto, que aprendan el arte de escenificar, y que trabajen con un equipo de producci\u00f3n intensamente creativo que los llevar\u00e1n como artistas a nuevos niveles de los que estar\u00e1n orgullosos de haber formado parte.<\/li>\n<\/ul>\n<p>[\/et_pb_text][\/et_pb_column][\/et_pb_row][et_pb_row column_structure=&#8221;1_2,1_2&#8243; _builder_version=&#8221;4.22.2&#8243; _module_preset=&#8221;default&#8221; global_colors_info=&#8221;{}&#8221;][et_pb_column type=&#8221;1_2&#8243; _builder_version=&#8221;4.22.2&#8243; _module_preset=&#8221;default&#8221; global_colors_info=&#8221;{}&#8221;][et_pb_image src=&#8221;http:\/\/conchstyle.com\/opera\/wp-content\/uploads\/2023\/09\/Prelude22.jpeg&#8221; title_text=&#8221;Prelude22&#8243; _builder_version=&#8221;4.22.2&#8243; _module_preset=&#8221;default&#8221; global_colors_info=&#8221;{}&#8221;][\/et_pb_image][\/et_pb_column][et_pb_column type=&#8221;1_2&#8243; _builder_version=&#8221;4.22.2&#8243; _module_preset=&#8221;default&#8221; global_colors_info=&#8221;{}&#8221;][et_pb_image src=&#8221;http:\/\/conchstyle.com\/opera\/wp-content\/uploads\/2023\/09\/Prelude19.jpeg&#8221; title_text=&#8221;Prelude19&#8243; _builder_version=&#8221;4.22.2&#8243; _module_preset=&#8221;default&#8221; global_colors_info=&#8221;{}&#8221;][\/et_pb_image][\/et_pb_column][\/et_pb_row][et_pb_row _builder_version=&#8221;4.22.1&#8243; _module_preset=&#8221;default&#8221; global_colors_info=&#8221;{}&#8221;][et_pb_column type=&#8221;4_4&#8243; _builder_version=&#8221;4.22.1&#8243; _module_preset=&#8221;default&#8221; global_colors_info=&#8221;{}&#8221;][et_pb_text _builder_version=&#8221;4.22.2&#8243; _module_preset=&#8221;default&#8221; text_font=&#8221;Belleza||||||||&#8221; text_font_size=&#8221;21px&#8221; header_line_height=&#8221;1.3em&#8221; header_2_font=&#8221;Belleza||||||||&#8221; header_2_line_height=&#8221;1.4em&#8221; global_colors_info=&#8221;{}&#8221;]<\/p>\n<section class=\"elementor-section elementor-top-section elementor-element elementor-element-58868811 elementor-section-boxed elementor-section-height-default elementor-section-height-default\" data-id=\"58868811\" data-element_type=\"section\">\n<div class=\"elementor-container elementor-column-gap-default\">\n<div class=\"elementor-column elementor-col-100 elementor-top-column elementor-element elementor-element-99a5a1e\" data-id=\"99a5a1e\" data-element_type=\"column\" data-settings=\"{&quot;background_background&quot;:&quot;classic&quot;}\">\n<div class=\"elementor-widget-wrap elementor-element-populated\">\n<section class=\"elementor-section elementor-inner-section elementor-element elementor-element-1f9f60cf elementor-section-boxed elementor-section-height-default elementor-section-height-default\" data-id=\"1f9f60cf\" data-element_type=\"section\">\n<div class=\"elementor-container elementor-column-gap-default\">\n<div class=\"elementor-column elementor-col-100 elementor-inner-column elementor-element elementor-element-c4ee2f2\" data-id=\"c4ee2f2\" data-element_type=\"column\">\n<div class=\"elementor-widget-wrap elementor-element-populated\">\n<div class=\"elementor-element elementor-element-47d9cde4 paragraphNormal, subtitle_specialfont elementor-widget elementor-widget-text-box\" data-id=\"47d9cde4\" data-element_type=\"widget\" data-widget_type=\"text-box.default\">\n<div class=\"elementor-widget-container\">\n<div class=\"text-box\" data-scroll=\"\" data-scroll-speed=\"\">\n<ul>\n<li style=\"text-align: center;\"><\/li>\n<\/ul>\n<\/div>\n<\/div>\n<\/div>\n<div class=\"elementor-element elementor-element-6d188f2 paragraphNormal, subtitle_specialfontLeft elementor-widget elementor-widget-text-box\" data-id=\"6d188f2\" data-element_type=\"widget\" data-widget_type=\"text-box.default\">\n<div class=\"elementor-widget-container\">\n<div class=\"text-box\" data-scroll=\"\" data-scroll-speed=\"\">\n<h4>El Programa de Coaching Preludio<\/h4>\n<ul>\n<li>Los objetivos del <em>Preludio a las Rocky Mountains <\/em>son:\n<ul>\n<li>Preparar a los ganadores del Distrito de M\u00e9xico del Concurso Laffont para la pr\u00f3xima ronda del Concurso en Denver, Colorado;<\/li>\n<li>Llevarlos a su m\u00e1ximo nivel de rendimiento para competir internacionalmente;<\/li>\n<li>Introducirlos a los est\u00e1ndares de la industria de la \u00f3pera internacional; y<\/li>\n<li>Ubicarlos en un ambiente con mentores que puedan continuar guiando sus carreras.<\/li>\n<\/ul>\n<\/li>\n<li style=\"text-align: left;\">Los ganadores de nuestro Concurso pasan de 3 a 4 d\u00edas en la Universidad de las Am\u00e9ricas en Puebla.<\/li>\n<li style=\"text-align: left;\">Tomando clases individuales todos los d\u00edas con dos maestros estadounidenses y dos maestros mexicanos: un profesor de canto estadounidense, un coach de canto estadounidense, un director de escena mexicano y un coach de canto mexicano.<\/li>\n<\/ul>\n<\/div>\n<\/div>\n<\/div>\n<\/div>\n<\/div>\n<\/div>\n<\/section>\n<\/div>\n<\/div>\n<\/div>\n<\/section>\n<section class=\"elementor-section elementor-top-section elementor-element elementor-element-4c2d9a9a elementor-section-boxed elementor-section-height-default elementor-section-height-default\" data-id=\"4c2d9a9a\" data-element_type=\"section\">\n<div class=\"elementor-container elementor-column-gap-default\">\n<div class=\"elementor-column elementor-col-100 elementor-top-column elementor-element elementor-element-13b7102a\" data-id=\"13b7102a\" data-element_type=\"column\">\n<div class=\"elementor-widget-wrap elementor-element-populated\">\n<div class=\"elementor-element elementor-element-70dca0bf elementor-widget elementor-widget-prime-slider-general\" data-id=\"70dca0bf\" data-element_type=\"widget\" data-widget_type=\"prime-slider-general.default\">\n<div class=\"elementor-widget-container\">\n<div class=\"bdt-prime-slider\">\n<div class=\"bdt-prime-slider-skin-general\">\n<div class=\"bdt-position-relative bdt-visible-toggle bdt-slideshow\" bdt-slideshow=\"{&quot;animation&quot;:&quot;fade&quot;,&quot;ratio&quot;:&quot;16:9&quot;,&quot;min-height&quot;:480,&quot;autoplay&quot;:true,&quot;autoplay-interval&quot;:5007,&quot;pause-on-hover&quot;:false,&quot;draggable&quot;:true,&quot;velocity&quot;:1,&quot;finite&quot;:false}\" data-settings=\"{&quot;id&quot;:&quot;#bdt-70dca0bf&quot;,&quot;animation_status&quot;:&quot;no&quot;}\" id=\"bdt-70dca0bf\" role=\"region\" aria-roledescription=\"carousel\"><\/div>\n<\/div>\n<\/div>\n<\/div>\n<\/div>\n<\/div>\n<\/div>\n<\/div>\n<\/section>\n<p>[\/et_pb_text][\/et_pb_column][\/et_pb_row][et_pb_row column_structure=&#8221;1_2,1_2&#8243; _builder_version=&#8221;4.22.2&#8243; _module_preset=&#8221;default&#8221; global_colors_info=&#8221;{}&#8221;][et_pb_column type=&#8221;1_2&#8243; _builder_version=&#8221;4.22.2&#8243; _module_preset=&#8221;default&#8221; global_colors_info=&#8221;{}&#8221;][et_pb_image src=&#8221;http:\/\/conchstyle.com\/opera\/wp-content\/uploads\/2023\/09\/Prelude22.jpeg&#8221; title_text=&#8221;Prelude22&#8243; _builder_version=&#8221;4.22.2&#8243; _module_preset=&#8221;default&#8221; global_colors_info=&#8221;{}&#8221;][\/et_pb_image][\/et_pb_column][et_pb_column type=&#8221;1_2&#8243; _builder_version=&#8221;4.22.2&#8243; _module_preset=&#8221;default&#8221; global_colors_info=&#8221;{}&#8221;][et_pb_text _builder_version=&#8221;4.22.2&#8243; _module_preset=&#8221;default&#8221; global_colors_info=&#8221;{}&#8221;]<\/p>\n<section class=\"elementor-section elementor-top-section elementor-element elementor-element-58868811 elementor-section-boxed elementor-section-height-default elementor-section-height-default\" data-id=\"58868811\" data-element_type=\"section\">\n<div class=\"elementor-container elementor-column-gap-default\">\n<div class=\"elementor-column elementor-col-100 elementor-top-column elementor-element elementor-element-99a5a1e\" data-id=\"99a5a1e\" data-element_type=\"column\" data-settings=\"{&quot;background_background&quot;:&quot;classic&quot;}\">\n<div class=\"elementor-widget-wrap elementor-element-populated\">\n<section class=\"elementor-section elementor-inner-section elementor-element elementor-element-1f9f60cf elementor-section-boxed elementor-section-height-default elementor-section-height-default\" data-id=\"1f9f60cf\" data-element_type=\"section\">\n<div class=\"elementor-container elementor-column-gap-default\">\n<div class=\"elementor-column elementor-col-100 elementor-inner-column elementor-element elementor-element-c4ee2f2\" data-id=\"c4ee2f2\" data-element_type=\"column\">\n<div class=\"elementor-widget-wrap elementor-element-populated\">\n<div class=\"elementor-element elementor-element-6d188f2 paragraphNormal, subtitle_specialfontLeft elementor-widget elementor-widget-text-box\" data-id=\"6d188f2\" data-element_type=\"widget\" data-widget_type=\"text-box.default\">\n<div class=\"elementor-widget-container\">\n<div class=\"text-box\" data-scroll=\"\" data-scroll-speed=\"\">\n<ul>\n<li style=\"text-align: left;\">Cada clase est\u00e1 dedicada a perfeccionar una de las cuatro arias que deber\u00e1n estar listos para interpretar en la ronda regional de la competencia en los Estados Unidos.<\/li>\n<li style=\"text-align: left;\">Tienen acceso a las excelentes instalaciones de la escuela de m\u00fasica de la universidad.<\/li>\n<li style=\"text-align: left;\">Est\u00e1n alojados en un hotel muy c\u00f3modo en Cholula, donde es posible el tiempo informal y el f\u00e1cil acceso a los maestros.<\/li>\n<\/ul>\n<\/div>\n<\/div>\n<\/div>\n<\/div>\n<\/div>\n<\/div>\n<\/section>\n<\/div>\n<\/div>\n<\/div>\n<\/section>\n<section class=\"elementor-section elementor-top-section elementor-element elementor-element-4c2d9a9a elementor-section-boxed elementor-section-height-default elementor-section-height-default\" data-id=\"4c2d9a9a\" data-element_type=\"section\">\n<div class=\"elementor-container elementor-column-gap-default\">\n<div class=\"elementor-column elementor-col-100 elementor-top-column elementor-element elementor-element-13b7102a\" data-id=\"13b7102a\" data-element_type=\"column\">\n<div class=\"elementor-widget-wrap elementor-element-populated\">\n<div class=\"elementor-element elementor-element-70dca0bf elementor-widget elementor-widget-prime-slider-general\" data-id=\"70dca0bf\" data-element_type=\"widget\" data-widget_type=\"prime-slider-general.default\">\n<div class=\"elementor-widget-container\">\n<div class=\"bdt-prime-slider\">\n<div class=\"bdt-prime-slider-skin-general\">\n<div class=\"bdt-position-relative bdt-visible-toggle bdt-slideshow\" bdt-slideshow=\"{&quot;animation&quot;:&quot;fade&quot;,&quot;ratio&quot;:&quot;16:9&quot;,&quot;min-height&quot;:480,&quot;autoplay&quot;:true,&quot;autoplay-interval&quot;:5007,&quot;pause-on-hover&quot;:false,&quot;draggable&quot;:true,&quot;velocity&quot;:1,&quot;finite&quot;:false}\" data-settings=\"{&quot;id&quot;:&quot;#bdt-70dca0bf&quot;,&quot;animation_status&quot;:&quot;no&quot;}\" id=\"bdt-70dca0bf\" role=\"region\" aria-roledescription=\"carousel\">\n<p>Al final de los cuatro d\u00edas de clases se ofrece un concierto p\u00fablico, ya sea en el campus de la UDLA\/P o en el Teatro de la Ciudad en el centro de Puebla, seguido de notas y retroalimentaci\u00f3n de los maestros sobre las habilidades interpretativas de los cantantes.<\/p>\n<\/div>\n<\/div>\n<\/div>\n<\/div>\n<\/div>\n<\/div>\n<\/div>\n<\/div>\n<\/section>\n<p>[\/et_pb_text][\/et_pb_column][\/et_pb_row][et_pb_row _builder_version=&#8221;4.22.2&#8243; _module_preset=&#8221;default&#8221; global_colors_info=&#8221;{}&#8221;][et_pb_column type=&#8221;4_4&#8243; _builder_version=&#8221;4.22.2&#8243; _module_preset=&#8221;default&#8221; global_colors_info=&#8221;{}&#8221;][et_pb_image src=&#8221;http:\/\/conchstyle.com\/opera\/wp-content\/uploads\/2023\/09\/Prelude-11.jpeg&#8221; title_text=&#8221;Prelude 11&#8243; _builder_version=&#8221;4.22.2&#8243; _module_preset=&#8221;default&#8221; global_colors_info=&#8221;{}&#8221;][\/et_pb_image][\/et_pb_column][\/et_pb_row][et_pb_row _builder_version=&#8221;4.22.2&#8243; _module_preset=&#8221;default&#8221; global_colors_info=&#8221;{}&#8221;][et_pb_column type=&#8221;4_4&#8243; _builder_version=&#8221;4.22.2&#8243; _module_preset=&#8221;default&#8221; global_colors_info=&#8221;{}&#8221;][et_pb_text _builder_version=&#8221;4.22.2&#8243; _module_preset=&#8221;default&#8221; global_colors_info=&#8221;{}&#8221;]<\/p>\n<p>El programa se ofrece a los cantantes sin costo alguno para ellos, gracias al generoso apoyo de la comunidad de expatriados en San Miguel de Allende y a una generosa fundaci\u00f3n en la Ciudad de M\u00e9xico.<\/p>\n<p>[\/et_pb_text][\/et_pb_column][\/et_pb_row][et_pb_row column_structure=&#8221;1_3,1_3,1_3&#8243; use_custom_gutter=&#8221;on&#8221; gutter_width=&#8221;1&#8243; _builder_version=&#8221;4.22.2&#8243; _module_preset=&#8221;default&#8221; max_width=&#8221;2010px&#8221; global_colors_info=&#8221;{}&#8221;][et_pb_column type=&#8221;1_3&#8243; _builder_version=&#8221;4.22.2&#8243; _module_preset=&#8221;default&#8221; global_colors_info=&#8221;{}&#8221;][et_pb_image src=&#8221;http:\/\/conchstyle.com\/opera\/wp-content\/uploads\/2023\/09\/Prelude-15.jpeg&#8221; title_text=&#8221;Prelude 15&#8243; _builder_version=&#8221;4.22.2&#8243; _module_preset=&#8221;default&#8221; custom_margin=&#8221;2px|2px|2px|2px|true|true&#8221; custom_padding=&#8221;2px|2px|2px|2px|true|true&#8221; global_colors_info=&#8221;{}&#8221;][\/et_pb_image][\/et_pb_column][et_pb_column type=&#8221;1_3&#8243; _builder_version=&#8221;4.22.2&#8243; _module_preset=&#8221;default&#8221; global_colors_info=&#8221;{}&#8221;][et_pb_image src=&#8221;http:\/\/conchstyle.com\/opera\/wp-content\/uploads\/2023\/09\/Prelude19.jpeg&#8221; title_text=&#8221;Prelude19&#8243; _builder_version=&#8221;4.22.2&#8243; _module_preset=&#8221;default&#8221; custom_margin=&#8221;2px|2px|2px|2px|true|true&#8221; custom_padding=&#8221;2px|2px|2px|2px|true|true&#8221; global_colors_info=&#8221;{}&#8221;][\/et_pb_image][\/et_pb_column][et_pb_column type=&#8221;1_3&#8243; _builder_version=&#8221;4.22.2&#8243; _module_preset=&#8221;default&#8221; global_colors_info=&#8221;{}&#8221;][et_pb_image src=&#8221;http:\/\/conchstyle.com\/opera\/wp-content\/uploads\/2023\/09\/Prelude-2.jpeg&#8221; title_text=&#8221;Prelude 2&#8243; _builder_version=&#8221;4.22.2&#8243; _module_preset=&#8221;default&#8221; custom_margin=&#8221;2px|2px|2px|2px|true|true&#8221; custom_padding=&#8221;2px|2px|2px|2px|true|true&#8221; global_colors_info=&#8221;{}&#8221;][\/et_pb_image][\/et_pb_column][\/et_pb_row][\/et_pb_section]<\/p>\n","protected":false},"excerpt":{"rendered":"<p>El Distrito M\u00e9xico del Concurso Laffont del MetOpera ofrece a sus ganadores dos beneficios que ning\u00fan otro Distrito del Concurso ofrece: &nbsp; Un programa intensivo de entrenamiento de tres a cuatro d\u00edas, nuestro Preludio a los EE. UU., para llevarlos a su m\u00e1ximo nivel de rendimiento, prepar\u00e1ndolos para competir en su mejor nivel en la [&hellip;]<\/p>\n","protected":false},"author":1,"featured_media":0,"parent":0,"menu_order":0,"comment_status":"closed","ping_status":"closed","template":"","meta":{"_et_pb_use_builder":"on","_et_pb_old_content":"","_et_gb_content_width":"","footnotes":""},"class_list":["post-2299","page","type-page","status-publish","hentry"],"_links":{"self":[{"href":"http:\/\/conchstyle.com\/opera\/wp-json\/wp\/v2\/pages\/2299","targetHints":{"allow":["GET"]}}],"collection":[{"href":"http:\/\/conchstyle.com\/opera\/wp-json\/wp\/v2\/pages"}],"about":[{"href":"http:\/\/conchstyle.com\/opera\/wp-json\/wp\/v2\/types\/page"}],"author":[{"embeddable":true,"href":"http:\/\/conchstyle.com\/opera\/wp-json\/wp\/v2\/users\/1"}],"replies":[{"embeddable":true,"href":"http:\/\/conchstyle.com\/opera\/wp-json\/wp\/v2\/comments?post=2299"}],"version-history":[{"count":9,"href":"http:\/\/conchstyle.com\/opera\/wp-json\/wp\/v2\/pages\/2299\/revisions"}],"predecessor-version":[{"id":2808,"href":"http:\/\/conchstyle.com\/opera\/wp-json\/wp\/v2\/pages\/2299\/revisions\/2808"}],"wp:attachment":[{"href":"http:\/\/conchstyle.com\/opera\/wp-json\/wp\/v2\/media?parent=2299"}],"curies":[{"name":"wp","href":"https:\/\/api.w.org\/{rel}","templated":true}]}}