{"id":2322,"date":"2023-09-15T20:16:52","date_gmt":"2023-09-15T20:16:52","guid":{"rendered":"http:\/\/conchstyle.com\/opera\/?page_id=2322"},"modified":"2023-09-28T19:33:45","modified_gmt":"2023-09-28T19:33:45","slug":"nuestro-necesidades","status":"publish","type":"page","link":"http:\/\/conchstyle.com\/opera\/nuestro-necesidades\/","title":{"rendered":"Nuestro Necesidades"},"content":{"rendered":"<p>[et_pb_section fb_built=&#8221;1&#8243; fullwidth=&#8221;on&#8221; _builder_version=&#8221;4.16&#8243; _module_preset=&#8221;default&#8221; da_disable_devices=&#8221;off|off|off&#8221; global_colors_info=&#8221;{}&#8221; da_is_popup=&#8221;off&#8221; da_exit_intent=&#8221;off&#8221; da_has_close=&#8221;on&#8221; da_alt_close=&#8221;off&#8221; da_dark_close=&#8221;off&#8221; da_not_modal=&#8221;on&#8221; da_is_singular=&#8221;off&#8221; da_with_loader=&#8221;off&#8221; da_has_shadow=&#8221;on&#8221;][et_pb_fullwidth_header title=&#8221;Nuestro Necesidades&#8221; _builder_version=&#8221;4.22.2&#8243; _module_preset=&#8221;default&#8221; title_font=&#8221;Oswald||||||||&#8221; title_text_align=&#8221;center&#8221; title_font_size=&#8221;80px&#8221; background_enable_color=&#8221;off&#8221; background_image=&#8221;http:\/\/conchstyle.com\/opera\/wp-content\/uploads\/2023\/09\/Our-funding-needs.jpeg&#8221; custom_padding=&#8221;479px||||false|false&#8221; hover_enabled=&#8221;0&#8243; title_text_shadow_style=&#8221;preset1&#8243; global_colors_info=&#8221;{}&#8221; title_text=&#8221;Our funding needs&#8221; sticky_enabled=&#8221;0&#8243;][\/et_pb_fullwidth_header][\/et_pb_section][et_pb_section fb_built=&#8221;1&#8243; _builder_version=&#8221;4.16&#8243; _module_preset=&#8221;default&#8221; da_disable_devices=&#8221;off|off|off&#8221; global_colors_info=&#8221;{}&#8221; da_is_popup=&#8221;off&#8221; da_exit_intent=&#8221;off&#8221; da_has_close=&#8221;on&#8221; da_alt_close=&#8221;off&#8221; da_dark_close=&#8221;off&#8221; da_not_modal=&#8221;on&#8221; da_is_singular=&#8221;off&#8221; da_with_loader=&#8221;off&#8221; da_has_shadow=&#8221;on&#8221;][et_pb_row _builder_version=&#8221;4.16&#8243; _module_preset=&#8221;default&#8221; global_colors_info=&#8221;{}&#8221;][et_pb_column type=&#8221;4_4&#8243; _builder_version=&#8221;4.16&#8243; _module_preset=&#8221;default&#8221; global_colors_info=&#8221;{}&#8221;][et_pb_text _builder_version=&#8221;4.22.1&#8243; _module_preset=&#8221;default&#8221; text_font=&#8221;Belleza||||||||&#8221; header_font=&#8221;Belleza|700|||||||&#8221; header_2_font=&#8221;Belleza|700|||||||&#8221; header_3_font=&#8221;Belleza|700|||||||&#8221; header_3_line_height=&#8221;1.5em&#8221; global_colors_info=&#8221;{}&#8221;]<\/p>\n<section class=\"elementor-section elementor-inner-section elementor-element elementor-element-7c61249a elementor-section-boxed elementor-section-height-default elementor-section-height-default\" data-id=\"7c61249a\" data-element_type=\"section\">\n<div class=\"elementor-container elementor-column-gap-default\">\n<div class=\"elementor-column elementor-col-100 elementor-inner-column elementor-element elementor-element-75024d7d\" data-id=\"75024d7d\" data-element_type=\"column\">\n<div class=\"elementor-widget-wrap elementor-element-populated\">\n<div class=\"elementor-element elementor-element-74d7b3b8 paragraphNormal, subtitle_specialfont elementor-widget elementor-widget-text-box\" data-id=\"74d7b3b8\" data-element_type=\"widget\" data-widget_type=\"text-box.default\">\n<div class=\"elementor-widget-container\">\n<div class=\"text-box\" data-scroll=\"\" data-scroll-speed=\"\">\n<h4><em>San Miguel MetOpera Trust, A.C. apoya anualmente a los j\u00f3venes talentos mexicanos egresados de las Audiciones del MONC, a trav\u00e9s de donativos proveniente del sector privado.<\/em><\/h4>\n<h4><em>\u00a0<\/em><\/h4>\n<\/div>\n<\/div>\n<\/div>\n<div class=\"elementor-element elementor-element-16ebdae paragraphNormal, subtitle_specialfontLeft elementor-widget elementor-widget-text-box\" data-id=\"16ebdae\" data-element_type=\"widget\" data-widget_type=\"text-box.default\">\n<div class=\"elementor-widget-container\">\n<div class=\"text-box\" data-scroll=\"\" data-scroll-speed=\"\">\n<h4><em>Audiciones del Distrito M\u00e9xico del National Council del Metropolitan Opera (MONC)<\/em><\/h4>\n<ul role=\"list\">\n<li>$8000.00 USD: Premio de $1000.00 USD para 4-8 ganadores de la audici\u00f3n en Diciembre del 2020<\/li>\n<li>$2000.00 USD: \u201cPremios de est\u00edmulo\u201d de $250.00USD para 4 a 8 cantantes.<\/li>\n<li>$3200.00 USD: visas de turista para EUA para viajar a las pr\u00f3ximas rondas para 4-8 ganadores<\/li>\n<li>Fondos adicionales para pianistas, int\u00e9rpretes, tecnolog\u00eda, relaciones p\u00fablicas.<\/li>\n<\/ul>\n<\/div>\n<\/div>\n<\/div>\n<div class=\"elementor-element elementor-element-759f374 paragraphNormal, subtitle_specialfontLeft elementor-widget elementor-widget-text-box\" data-id=\"759f374\" data-element_type=\"widget\" data-widget_type=\"text-box.default\">\n<div class=\"elementor-widget-container\">\n<div class=\"text-box\" data-scroll=\"\" data-scroll-speed=\"\">\n<h4><em>Preludio a Nueva Orleans del Distrito M\u00e9xico<\/em><\/h4>\n<ul role=\"list\">\n<li>$10,000.00 USD: Honorarios para dos profesionales de la \u00f3pera estadounidense y dos profesionales mexicanos por 4 d\u00edas de coaching y entrenamiento de los ganadores.<\/li>\n<li>$2,000.00USD: tecnolog\u00eda, grabaci\u00f3n, transmisi\u00f3n en vivo.<\/li>\n<\/ul>\n<\/div>\n<\/div>\n<\/div>\n<div class=\"elementor-element elementor-element-88d4aae paragraphNormal, subtitle_specialfontLeft elementor-widget elementor-widget-text-box\" data-id=\"88d4aae\" data-element_type=\"widget\" data-widget_type=\"text-box.default\">\n<div class=\"elementor-widget-container\">\n<div class=\"text-box\" data-scroll=\"\" data-scroll-speed=\"\">\n<h4><em>Concierto de Ganadores del Distrito M\u00e9xico<\/em><\/h4>\n<ul role=\"list\">\n<li>Concierto Extraordinario de Ganadores, en marzo de 2021, invitando de regreso a TODOS los ganadores de las audiciones del Distrito M\u00e9xico, del 2018, 2019 y 2020, con coro y orquesta en un lugar espectacular en San Miguel de Allende<\/li>\n<li>$7,400.00 USD: viajes y honorarios de los cantantes<\/li>\n<li>$6,000USD: viajes y honorarios &#8211; orquesta, coro, directores de escenario y m\u00fasica, pianistas de ensayo<\/li>\n<li>$2,500USD: tecnolog\u00eda; grabaci\u00f3n, transmisi\u00f3n en vivo, seg\u00fan sea necesario<\/li>\n<\/ul>\n<p>&nbsp;<\/p>\n<p><strong>San Miguel MetOpera Trust, A.C. es una Asociaci\u00f3n Civil sin fines de lucro, <\/strong>que cuenta con autorizaci\u00f3n para recibir donativos deducibles de conformidad con la Ley del Impuesto sobre la Renta por el Servicio de Administraci\u00f3n Tributaria (SAT).<\/p>\n<p><strong>La deducci\u00f3n de impuestos est\u00e1 disponible para los contribuyentes de los Estados Unidos a trav\u00e9s de la Fundaci\u00f3n Comunitaria de San Miguel.<\/strong><\/p>\n<\/div>\n<\/div>\n<\/div>\n<\/div>\n<\/div>\n<\/div>\n<\/section>\n<p>[\/et_pb_text][et_pb_text _builder_version=&#8221;4.16&#8243; _module_preset=&#8221;default&#8221; global_colors_info=&#8221;{}&#8221;]<\/p>\n<p><strong>The San Miguel MetOpera Trust is independently incorporated as an <em>Asociacion civil sin fines de lucro<\/em> in Mexico<\/strong>, with <em>donataria autorizada<\/em> status granted by the <em>Servicio de administracion tributaria<\/em>. . . .(S.A.T.), the federal taxing authority in Mexico.\u00a0\u00a0 That is, the Trust is registered as a Mexican non-profit corporation, authorized by S.A.T. to grant tax deductibility against income earned in Mexico.<\/p>\n<p><strong><\/strong><\/p>\n<p><strong>Tax Deductibility is available to United States Tax payers through the San Miguel Community Foundation. <\/strong><\/p>\n<p>[\/et_pb_text][\/et_pb_column][\/et_pb_row][\/et_pb_section][et_pb_section fb_built=&#8221;1&#8243; admin_label=&#8221;CTA&#8221; _builder_version=&#8221;4.16&#8243; background_image=&#8221;http:\/\/conchstyle.com\/opera\/wp-content\/uploads\/2020\/09\/d7k3462_49652830216_o-1024&#215;683.jpg&#8221; parallax=&#8221;on&#8221; custom_margin=&#8221;|||&#8221; custom_padding=&#8221;0px|||&#8221; da_disable_devices=&#8221;off|off|off&#8221; global_colors_info=&#8221;{}&#8221; da_is_popup=&#8221;off&#8221; da_exit_intent=&#8221;off&#8221; da_has_close=&#8221;on&#8221; da_alt_close=&#8221;off&#8221; da_dark_close=&#8221;off&#8221; da_not_modal=&#8221;on&#8221; da_is_singular=&#8221;off&#8221; da_with_loader=&#8221;off&#8221; da_has_shadow=&#8221;on&#8221;][et_pb_row use_custom_gutter=&#8221;on&#8221; gutter_width=&#8221;1&#8243; custom_padding_last_edited=&#8221;on|phone&#8221; module_class=&#8221; et_pb_row_fullwidth&#8221; _builder_version=&#8221;4.16&#8243; use_background_color_gradient=&#8221;on&#8221; background_color_gradient_stops=&#8221;#f4f4f4 0%|rgba(244,244,244,0) 22%&#8221; background_color_gradient_start=&#8221;#f4f4f4&#8243; background_color_gradient_end=&#8221;rgba(244,244,244,0)&#8221; background_color_gradient_end_position=&#8221;22%&#8221; width=&#8221;100%&#8221; width_tablet=&#8221;100%&#8221; width_phone=&#8221;&#8221; width_last_edited=&#8221;on|desktop&#8221; max_width=&#8221;100%&#8221; max_width_tablet=&#8221;100%&#8221; max_width_phone=&#8221;&#8221; max_width_last_edited=&#8221;on|desktop&#8221; custom_padding=&#8221;220px|0px|220px|0px&#8221; custom_padding_tablet=&#8221;0px|||&#8221; custom_padding_phone=&#8221;&#8221; make_fullwidth=&#8221;on&#8221; global_colors_info=&#8221;{}&#8221;][et_pb_column type=&#8221;4_4&#8243; _builder_version=&#8221;4.16&#8243; custom_padding=&#8221;|||&#8221; global_colors_info=&#8221;{}&#8221; custom_padding__hover=&#8221;|||&#8221;][et_pb_text admin_label=&#8221;CTA Section Title&#8221; _builder_version=&#8221;4.16&#8243; text_font=&#8221;||||&#8221; text_line_height=&#8221;1em&#8221; header_font=&#8221;Oswald|on||on|&#8221; header_text_align=&#8221;center&#8221; header_font_size=&#8221;60px&#8221; header_line_height=&#8221;1.3em&#8221; module_alignment=&#8221;center&#8221; custom_margin=&#8221;-198px||56px||false|false&#8221; custom_padding=&#8221;0px||37px||false|false&#8221; animation_style=&#8221;slide&#8221; animation_direction=&#8221;top&#8221; animation_intensity_slide=&#8221;10%&#8221; header_text_shadow_style=&#8221;preset1&#8243; locked=&#8221;off&#8221; global_colors_info=&#8221;{}&#8221;]<\/p>\n<h1><span style=\"color: #ffffff;\">What are you waiting for?<\/span><\/h1>\n<p>[\/et_pb_text][et_pb_button button_url=&#8221;http:\/\/conchstyle.com\/opera\/ways-to-give\/&#8221; button_text=&#8221;join us&#8221; button_alignment=&#8221;center&#8221; _builder_version=&#8221;4.16&#8243; custom_button=&#8221;on&#8221; button_text_color=&#8221;#ffffff&#8221; button_bg_color=&#8221;#ed4441&#8243; button_border_color=&#8221;#ed4441&#8243; button_border_radius=&#8221;0px&#8221; button_letter_spacing=&#8221;4px&#8221; button_font=&#8221;Oswald|on||on|&#8221; button_icon=&#8221;&#x24;||divi||400&#8243; button_icon_color=&#8221;#1a1a1a&#8221; button_border_color_hover=&#8221;#1a1a1a&#8221; button_border_radius_hover=&#8221;0px&#8221; button_letter_spacing_hover=&#8221;4px&#8221; button_bg_color_hover=&#8221;rgba(0,0,0,0)&#8221; locked=&#8221;off&#8221; global_colors_info=&#8221;{}&#8221; button_text_size__hover_enabled=&#8221;off&#8221; button_one_text_size__hover_enabled=&#8221;off&#8221; button_two_text_size__hover_enabled=&#8221;off&#8221; button_text_color__hover_enabled=&#8221;off&#8221; button_one_text_color__hover_enabled=&#8221;off&#8221; button_two_text_color__hover_enabled=&#8221;off&#8221; button_border_width__hover_enabled=&#8221;off&#8221; button_one_border_width__hover_enabled=&#8221;off&#8221; button_two_border_width__hover_enabled=&#8221;off&#8221; button_border_color__hover_enabled=&#8221;on&#8221; button_border_color__hover=&#8221;#1a1a1a&#8221; button_one_border_color__hover_enabled=&#8221;off&#8221; button_two_border_color__hover_enabled=&#8221;off&#8221; button_border_radius__hover_enabled=&#8221;on&#8221; button_border_radius__hover=&#8221;0px&#8221; button_one_border_radius__hover_enabled=&#8221;off&#8221; button_two_border_radius__hover_enabled=&#8221;off&#8221; button_letter_spacing__hover_enabled=&#8221;on&#8221; button_letter_spacing__hover=&#8221;4px&#8221; button_one_letter_spacing__hover_enabled=&#8221;off&#8221; button_two_letter_spacing__hover_enabled=&#8221;off&#8221; button_bg_color__hover_enabled=&#8221;on&#8221; button_bg_color__hover=&#8221;rgba(0,0,0,0)&#8221; button_one_bg_color__hover_enabled=&#8221;off&#8221; button_two_bg_color__hover_enabled=&#8221;off&#8221;][\/et_pb_button][\/et_pb_column][\/et_pb_row][\/et_pb_section]<\/p>\n","protected":false},"excerpt":{"rendered":"<p>San Miguel MetOpera Trust, A.C. apoya anualmente a los j\u00f3venes talentos mexicanos egresados de las Audiciones del MONC, a trav\u00e9s de donativos proveniente del sector privado. \u00a0 Audiciones del Distrito M\u00e9xico del National Council del Metropolitan Opera (MONC) $8000.00 USD: Premio de $1000.00 USD para 4-8 ganadores de la audici\u00f3n en Diciembre del 2020 $2000.00 [&hellip;]<\/p>\n","protected":false},"author":1,"featured_media":0,"parent":0,"menu_order":0,"comment_status":"closed","ping_status":"closed","template":"","meta":{"_et_pb_use_builder":"on","_et_pb_old_content":"","_et_gb_content_width":"","footnotes":""},"class_list":["post-2322","page","type-page","status-publish","hentry"],"_links":{"self":[{"href":"http:\/\/conchstyle.com\/opera\/wp-json\/wp\/v2\/pages\/2322","targetHints":{"allow":["GET"]}}],"collection":[{"href":"http:\/\/conchstyle.com\/opera\/wp-json\/wp\/v2\/pages"}],"about":[{"href":"http:\/\/conchstyle.com\/opera\/wp-json\/wp\/v2\/types\/page"}],"author":[{"embeddable":true,"href":"http:\/\/conchstyle.com\/opera\/wp-json\/wp\/v2\/users\/1"}],"replies":[{"embeddable":true,"href":"http:\/\/conchstyle.com\/opera\/wp-json\/wp\/v2\/comments?post=2322"}],"version-history":[{"count":3,"href":"http:\/\/conchstyle.com\/opera\/wp-json\/wp\/v2\/pages\/2322\/revisions"}],"predecessor-version":[{"id":2822,"href":"http:\/\/conchstyle.com\/opera\/wp-json\/wp\/v2\/pages\/2322\/revisions\/2822"}],"wp:attachment":[{"href":"http:\/\/conchstyle.com\/opera\/wp-json\/wp\/v2\/media?parent=2322"}],"curies":[{"name":"wp","href":"https:\/\/api.w.org\/{rel}","templated":true}]}}