{"id":2325,"date":"2023-09-15T21:42:19","date_gmt":"2023-09-15T21:42:19","guid":{"rendered":"http:\/\/conchstyle.com\/opera\/?page_id=2325"},"modified":"2023-09-28T19:37:55","modified_gmt":"2023-09-28T19:37:55","slug":"manera-de-donar","status":"publish","type":"page","link":"http:\/\/conchstyle.com\/opera\/manera-de-donar\/","title":{"rendered":"Manera de Donar"},"content":{"rendered":"<p>[et_pb_section fb_built=&#8221;1&#8243; fullwidth=&#8221;on&#8221; _builder_version=&#8221;4.16&#8243; _module_preset=&#8221;default&#8221; background_color=&#8221;#233b4e&#8221; da_disable_devices=&#8221;off|off|off&#8221; global_colors_info=&#8221;{}&#8221; da_is_popup=&#8221;off&#8221; da_exit_intent=&#8221;off&#8221; da_has_close=&#8221;on&#8221; da_alt_close=&#8221;off&#8221; da_dark_close=&#8221;off&#8221; da_not_modal=&#8221;on&#8221; da_is_singular=&#8221;off&#8221; da_with_loader=&#8221;off&#8221; da_has_shadow=&#8221;on&#8221;][et_pb_fullwidth_header title=&#8221;Manera de Donar&#8221; background_overlay_color=&#8221;RGBA(255,255,255,0)&#8221; _builder_version=&#8221;4.22.2&#8243; _module_preset=&#8221;default&#8221; title_font=&#8221;Oswald||||||||&#8221; title_text_align=&#8221;center&#8221; title_font_size=&#8221;70px&#8221; background_enable_color=&#8221;off&#8221; background_image=&#8221;http:\/\/conchstyle.com\/opera\/wp-content\/uploads\/2023\/09\/ways-to-give.jpeg&#8221; custom_padding=&#8221;621px||40px||false|false&#8221; hover_enabled=&#8221;0&#8243; global_colors_info=&#8221;{}&#8221; parallax=&#8221;on&#8221; parallax_method=&#8221;on&#8221; custom_margin=&#8221;-5px||-35px||false|false&#8221; sticky_enabled=&#8221;0&#8243;][\/et_pb_fullwidth_header][\/et_pb_section][et_pb_section fb_built=&#8221;1&#8243; _builder_version=&#8221;4.16&#8243; _module_preset=&#8221;default&#8221; min_height=&#8221;1078px&#8221; da_disable_devices=&#8221;off|off|off&#8221; global_colors_info=&#8221;{}&#8221; da_is_popup=&#8221;off&#8221; da_exit_intent=&#8221;off&#8221; da_has_close=&#8221;on&#8221; da_alt_close=&#8221;off&#8221; da_dark_close=&#8221;off&#8221; da_not_modal=&#8221;on&#8221; da_is_singular=&#8221;off&#8221; da_with_loader=&#8221;off&#8221; da_has_shadow=&#8221;on&#8221;][et_pb_row _builder_version=&#8221;4.16&#8243; _module_preset=&#8221;default&#8221; global_colors_info=&#8221;{}&#8221;][et_pb_column type=&#8221;4_4&#8243; _builder_version=&#8221;4.16&#8243; _module_preset=&#8221;default&#8221; global_colors_info=&#8221;{}&#8221;][et_pb_text _builder_version=&#8221;4.22.1&#8243; _module_preset=&#8221;default&#8221; text_font=&#8221;Belleza||||||||&#8221; text_font_size=&#8221;16px&#8221; header_font=&#8221;Belleza|700|||||||&#8221; header_2_font=&#8221;Belleza|700|||||||&#8221; header_2_text_color=&#8221;#0c71c3&#8243; header_2_line_height=&#8221;1.2em&#8221; global_colors_info=&#8221;{}&#8221;]<\/p>\n<section class=\"elementor-section elementor-inner-section elementor-element elementor-element-5ebd4992 elementor-section-boxed elementor-section-height-default elementor-section-height-default\" data-id=\"5ebd4992\" data-element_type=\"section\">\n<div class=\"elementor-container elementor-column-gap-default\">\n<div class=\"elementor-column elementor-col-100 elementor-inner-column elementor-element elementor-element-66eb4a0\" data-id=\"66eb4a0\" data-element_type=\"column\">\n<div class=\"elementor-widget-wrap elementor-element-populated\">\n<div class=\"elementor-element elementor-element-1e7cfbd5 paragraphNormal, subtitle_specialfont elementor-widget elementor-widget-text-box\" data-id=\"1e7cfbd5\" data-element_type=\"widget\" data-widget_type=\"text-box.default\">\n<div class=\"elementor-widget-container\">\n<div class=\"text-box\" data-scroll=\"\" data-scroll-speed=\"\">\n<div class=\"rich-text w-richtext\">\n<h4>Por cheque:<\/h4>\n<p>Aunque SMMT puede procesar un cheque emitido en cualquier moneda, este es el m\u00e9todo menos recomendable, ya que el proceso de liquidaci\u00f3n no es internacional y la disponibilidad de los fondos puede demorarse muchas semanas.<\/p>\n<p>&nbsp;<\/p>\n<h4>Por transferencia bancaria:<\/h4>\n<p>Este es el m\u00e9todo m\u00e1s eficaz. Inicie su transferencia en su banco. Por favor, env\u00ede un email a a Daniel Wiley, Tesorero de SMMT (<a href=\"mailto:dwiley@sanmiguelmetoperatrust.org\">dwiley@sanmiguelmetoperatrust.org<\/a>) avisando de su donativo para que se le pueda dar el seguimiento respectivo..<\/p>\n<h4>\u00a0<\/h4>\n<h4>Banco:<\/h4>\n<ul role=\"list\">\n<li>BBVA Bancomer, S.A., Instituci\u00f3n de Banca M\u00faltiple. Sucursal 3452<\/li>\n<li>Direcci\u00f3n: Avenida Insurgentes Sur #1323, Colonia Insurgentes Mixcoac Benito Ju\u00e1rez; Ciudad de M\u00e9xico<\/li>\n<li>C\u00f3digo Postal: 03920<\/li>\n<li>Pa\u00eds: M\u00e9xico<\/li>\n<li>A nombre de: San Miguel MetOpera Trust, A. C.<\/li>\n<li>Swift (opcional): BCMRMXMM<\/li>\n<li>Cuenta#: 0113450007<\/li>\n<li>Clabe: 012180001134500079<\/li>\n<\/ul>\n<h4>En l\u00ednea:<\/h4>\n<p>Haga clic en el bot\u00f3n &#8220;Donar&#8221; de esa p\u00e1gina. Por favor, avise a Daniel Wiley, Tesorero de SMMT, (<a href=\"mailto:dwiley@sanmiguelmetoperatrust.org\">dwiley@sanmiguelmetoperatrust.org<\/a>) sobre la transacci\u00f3n.<\/p>\n<p>&nbsp;<\/p>\n<h4>Para la deducibilidad de impuestos en USA:<\/h4>\n<ul role=\"list\">\n<li>Haga su donaci\u00f3n con cheque, escrito a la Fundaci\u00f3n Comunitaria de San Miguel. En la l\u00ednea de memo, escriba: SMMT.<\/li>\n<li>Si se encuentra fuera de M\u00e9xico, env\u00ede su cheque a: Joan Mitchell, 220 N. Zapata Hwy., # 11; PMB 60B, Laredo, TX<\/li>\n<li>Si se encuentra en San Miguel de Allende, entregue su cheque en la Conexi\u00f3n, Aldama, # 3, Box 60B, dirigido a Joan Mitchell.<\/li>\n<li>Por favor considere agregar un 5% al \u200b\u200btotal de su cheque, para cubrir la tarifa de procesamiento de la Fundaci\u00f3n, para que nuestros programas reciban el beneficio completo de su generosidad.<\/li>\n<\/ul>\n<p>&nbsp;<\/p>\n<h4>Para deducibilidad de impuestos en M\u00e9xico:<\/h4>\n<ul role=\"list\">\n<li>\n<p>Siga las instrucciones para realizar una transferencia bancaria, avise a Daniel Wiley, Tesorero de SMMT, (<a href=\"mailto:dwiley@sanmiguelmetoperatrust.org\">dwiley@sanmiguelmetoperatrust.org<\/a>) sobre su necesidad de obtener un recibo de donativo de impuestos.<\/p>\n<\/li>\n<\/ul>\n<p>&nbsp;<\/p>\n<\/div>\n<h4 class=\"paragraph-2\"><em>\u00a1Gracias por elegir San Miguel MetOpera Trust! Tu donativo marcar\u00e1 la diferencia en la vida de un joven cantante mexicano muy talentoso, quien SIEMPRE te estar\u00e1 agradecido.<\/em><\/h4>\n<\/div>\n<\/div>\n<\/div>\n<\/div>\n<\/div>\n<\/div>\n<\/section>\n<p>[\/et_pb_text][\/et_pb_column][\/et_pb_row][\/et_pb_section][et_pb_section fb_built=&#8221;1&#8243; admin_label=&#8221;CTA&#8221; _builder_version=&#8221;4.16&#8243; background_image=&#8221;http:\/\/conchstyle.com\/opera\/wp-content\/uploads\/2020\/09\/d7k3379_49652785737_o-scaled.jpg&#8221; parallax=&#8221;on&#8221; custom_margin=&#8221;|||&#8221; custom_padding=&#8221;0px|||&#8221; da_disable_devices=&#8221;off|off|off&#8221; global_colors_info=&#8221;{}&#8221; da_is_popup=&#8221;off&#8221; da_exit_intent=&#8221;off&#8221; da_has_close=&#8221;on&#8221; da_alt_close=&#8221;off&#8221; da_dark_close=&#8221;off&#8221; da_not_modal=&#8221;on&#8221; da_is_singular=&#8221;off&#8221; da_with_loader=&#8221;off&#8221; da_has_shadow=&#8221;on&#8221;][et_pb_row use_custom_gutter=&#8221;on&#8221; gutter_width=&#8221;1&#8243; custom_padding_last_edited=&#8221;on|phone&#8221; module_class=&#8221; et_pb_row_fullwidth&#8221; _builder_version=&#8221;4.16&#8243; use_background_color_gradient=&#8221;on&#8221; background_color_gradient_stops=&#8221;#f4f4f4 0%|rgba(244,244,244,0) 22%&#8221; background_color_gradient_start=&#8221;#f4f4f4&#8243; background_color_gradient_end=&#8221;rgba(244,244,244,0)&#8221; background_color_gradient_end_position=&#8221;22%&#8221; width=&#8221;100%&#8221; width_tablet=&#8221;100%&#8221; width_phone=&#8221;&#8221; width_last_edited=&#8221;on|desktop&#8221; max_width=&#8221;100%&#8221; max_width_tablet=&#8221;100%&#8221; max_width_phone=&#8221;&#8221; max_width_last_edited=&#8221;on|desktop&#8221; custom_padding=&#8221;220px|0px|220px|0px&#8221; custom_padding_tablet=&#8221;0px|||&#8221; custom_padding_phone=&#8221;&#8221; make_fullwidth=&#8221;on&#8221; global_colors_info=&#8221;{}&#8221;][et_pb_column type=&#8221;4_4&#8243; _builder_version=&#8221;4.16&#8243; custom_padding=&#8221;|||&#8221; global_colors_info=&#8221;{}&#8221; custom_padding__hover=&#8221;|||&#8221;][et_pb_text admin_label=&#8221;CTA Section Title&#8221; _builder_version=&#8221;4.16&#8243; text_font=&#8221;||||&#8221; text_line_height=&#8221;1em&#8221; header_font=&#8221;Oswald|on||on|&#8221; header_text_align=&#8221;center&#8221; header_font_size=&#8221;60px&#8221; header_line_height=&#8221;1.3em&#8221; module_alignment=&#8221;center&#8221; custom_margin=&#8221;-198px||56px||false|false&#8221; custom_padding=&#8221;0px||37px||false|false&#8221; animation_style=&#8221;slide&#8221; animation_direction=&#8221;top&#8221; animation_intensity_slide=&#8221;10%&#8221; header_text_shadow_style=&#8221;preset1&#8243; locked=&#8221;off&#8221; global_colors_info=&#8221;{}&#8221;]<\/p>\n<h1><span style=\"color: #ffffff;\">What are you waiting for?<\/span><\/h1>\n<p>[\/et_pb_text][et_pb_button button_text=&#8221;join us&#8221; button_alignment=&#8221;center&#8221; _builder_version=&#8221;4.16&#8243; custom_button=&#8221;on&#8221; button_text_color=&#8221;#ffffff&#8221; button_bg_color=&#8221;#ed4441&#8243; button_border_color=&#8221;#ed4441&#8243; button_border_radius=&#8221;0px&#8221; button_letter_spacing=&#8221;4px&#8221; button_font=&#8221;Oswald|on||on|&#8221; button_icon=&#8221;&#x24;||divi||400&#8243; button_icon_color=&#8221;#1a1a1a&#8221; button_border_color_hover=&#8221;#1a1a1a&#8221; button_border_radius_hover=&#8221;0px&#8221; button_letter_spacing_hover=&#8221;4px&#8221; button_bg_color_hover=&#8221;rgba(0,0,0,0)&#8221; locked=&#8221;off&#8221; global_colors_info=&#8221;{}&#8221; button_text_size__hover_enabled=&#8221;off&#8221; button_one_text_size__hover_enabled=&#8221;off&#8221; button_two_text_size__hover_enabled=&#8221;off&#8221; button_text_color__hover_enabled=&#8221;off&#8221; button_one_text_color__hover_enabled=&#8221;off&#8221; button_two_text_color__hover_enabled=&#8221;off&#8221; button_border_width__hover_enabled=&#8221;off&#8221; button_one_border_width__hover_enabled=&#8221;off&#8221; button_two_border_width__hover_enabled=&#8221;off&#8221; button_border_color__hover_enabled=&#8221;on&#8221; button_border_color__hover=&#8221;#1a1a1a&#8221; button_one_border_color__hover_enabled=&#8221;off&#8221; button_two_border_color__hover_enabled=&#8221;off&#8221; button_border_radius__hover_enabled=&#8221;on&#8221; button_border_radius__hover=&#8221;0px&#8221; button_one_border_radius__hover_enabled=&#8221;off&#8221; button_two_border_radius__hover_enabled=&#8221;off&#8221; button_letter_spacing__hover_enabled=&#8221;on&#8221; button_letter_spacing__hover=&#8221;4px&#8221; button_one_letter_spacing__hover_enabled=&#8221;off&#8221; button_two_letter_spacing__hover_enabled=&#8221;off&#8221; button_bg_color__hover_enabled=&#8221;on&#8221; button_bg_color__hover=&#8221;rgba(0,0,0,0)&#8221; button_one_bg_color__hover_enabled=&#8221;off&#8221; button_two_bg_color__hover_enabled=&#8221;off&#8221;][\/et_pb_button][\/et_pb_column][\/et_pb_row][\/et_pb_section]<\/p>\n","protected":false},"excerpt":{"rendered":"<p>Por cheque: Aunque SMMT puede procesar un cheque emitido en cualquier moneda, este es el m\u00e9todo menos recomendable, ya que el proceso de liquidaci\u00f3n no es internacional y la disponibilidad de los fondos puede demorarse muchas semanas. &nbsp; Por transferencia bancaria: Este es el m\u00e9todo m\u00e1s eficaz. Inicie su transferencia en su banco. Por favor, [&hellip;]<\/p>\n","protected":false},"author":1,"featured_media":0,"parent":0,"menu_order":0,"comment_status":"closed","ping_status":"closed","template":"","meta":{"_et_pb_use_builder":"on","_et_pb_old_content":"","_et_gb_content_width":"","footnotes":""},"class_list":["post-2325","page","type-page","status-publish","hentry"],"_links":{"self":[{"href":"http:\/\/conchstyle.com\/opera\/wp-json\/wp\/v2\/pages\/2325","targetHints":{"allow":["GET"]}}],"collection":[{"href":"http:\/\/conchstyle.com\/opera\/wp-json\/wp\/v2\/pages"}],"about":[{"href":"http:\/\/conchstyle.com\/opera\/wp-json\/wp\/v2\/types\/page"}],"author":[{"embeddable":true,"href":"http:\/\/conchstyle.com\/opera\/wp-json\/wp\/v2\/users\/1"}],"replies":[{"embeddable":true,"href":"http:\/\/conchstyle.com\/opera\/wp-json\/wp\/v2\/comments?post=2325"}],"version-history":[{"count":5,"href":"http:\/\/conchstyle.com\/opera\/wp-json\/wp\/v2\/pages\/2325\/revisions"}],"predecessor-version":[{"id":2827,"href":"http:\/\/conchstyle.com\/opera\/wp-json\/wp\/v2\/pages\/2325\/revisions\/2827"}],"wp:attachment":[{"href":"http:\/\/conchstyle.com\/opera\/wp-json\/wp\/v2\/media?parent=2325"}],"curies":[{"name":"wp","href":"https:\/\/api.w.org\/{rel}","templated":true}]}}