{"id":2338,"date":"2023-09-16T00:23:22","date_gmt":"2023-09-16T00:23:22","guid":{"rendered":"http:\/\/conchstyle.com\/opera\/?page_id=2338"},"modified":"2023-10-06T18:59:51","modified_gmt":"2023-10-06T18:59:51","slug":"voluntariodad","status":"publish","type":"page","link":"http:\/\/conchstyle.com\/opera\/voluntariodad\/","title":{"rendered":"Voluntariodad"},"content":{"rendered":"<p>[et_pb_section fb_built=&#8221;1&#8243; fullwidth=&#8221;on&#8221; _builder_version=&#8221;4.16&#8243; _module_preset=&#8221;default&#8221; da_disable_devices=&#8221;off|off|off&#8221; global_colors_info=&#8221;{}&#8221; da_is_popup=&#8221;off&#8221; da_exit_intent=&#8221;off&#8221; da_has_close=&#8221;on&#8221; da_alt_close=&#8221;off&#8221; da_dark_close=&#8221;off&#8221; da_not_modal=&#8221;on&#8221; da_is_singular=&#8221;off&#8221; da_with_loader=&#8221;off&#8221; da_has_shadow=&#8221;on&#8221;][et_pb_fullwidth_header title=&#8221;Voluntariodad&#8221; background_overlay_color=&#8221;RGBA(255,255,255,0)&#8221; _builder_version=&#8221;4.22.2&#8243; _module_preset=&#8221;default&#8221; title_font=&#8221;Belleza|700|||||||&#8221; title_text_align=&#8221;center&#8221; title_font_size=&#8221;77px&#8221; title_line_height=&#8221;5.2em&#8221; background_enable_color=&#8221;off&#8221; background_image=&#8221;http:\/\/conchstyle.com\/opera\/wp-content\/uploads\/2023\/10\/Slide-to-Volunteers-2.jpeg&#8221; width=&#8221;100%&#8221; min_height=&#8221;384px&#8221; height=&#8221;401px&#8221; max_height=&#8221;380px&#8221; custom_margin=&#8221;||||false|false&#8221; custom_padding=&#8221;||||false|false&#8221; hover_enabled=&#8221;0&#8243; title_text_shadow_style=&#8221;preset4&#8243; global_colors_info=&#8221;{}&#8221; title_text=&#8221;Slide to Volunteers (2)&#8221; parallax=&#8221;on&#8221; parallax_method=&#8221;on&#8221; sticky_enabled=&#8221;0&#8243;][\/et_pb_fullwidth_header][\/et_pb_section][et_pb_section fb_built=&#8221;1&#8243; _builder_version=&#8221;4.16&#8243; custom_padding=&#8221;35px||0px|||&#8221; da_disable_devices=&#8221;off|off|off&#8221; global_colors_info=&#8221;{}&#8221; da_is_popup=&#8221;off&#8221; da_exit_intent=&#8221;off&#8221; da_has_close=&#8221;on&#8221; da_alt_close=&#8221;off&#8221; da_dark_close=&#8221;off&#8221; da_not_modal=&#8221;on&#8221; da_is_singular=&#8221;off&#8221; da_with_loader=&#8221;off&#8221; da_has_shadow=&#8221;on&#8221;][et_pb_row _builder_version=&#8221;4.16&#8243; global_colors_info=&#8221;{}&#8221;][et_pb_column type=&#8221;4_4&#8243; _builder_version=&#8221;4.16&#8243; custom_padding=&#8221;|||&#8221; global_colors_info=&#8221;{}&#8221; custom_padding__hover=&#8221;|||&#8221;][et_pb_text _builder_version=&#8221;4.22.1&#8243; _module_preset=&#8221;default&#8221; text_font=&#8221;Belleza|700|||||||&#8221; global_colors_info=&#8221;{}&#8221;]<\/p>\n<h1><strong>VOLUNARIODAD<\/strong><\/h1>\n<p>&nbsp;<\/p>\n<section class=\"elementor-section elementor-inner-section elementor-element elementor-element-41bcc9cd elementor-section-boxed elementor-section-height-default elementor-section-height-default\" data-id=\"41bcc9cd\" data-element_type=\"section\">\n<div class=\"elementor-container elementor-column-gap-default\">\n<div class=\"elementor-column elementor-col-100 elementor-inner-column elementor-element elementor-element-37d57488\" data-id=\"37d57488\" data-element_type=\"column\">\n<div class=\"elementor-widget-wrap elementor-element-populated\">\n<div class=\"elementor-element elementor-element-6bea7509 paragraphNormal subtitle_specialfont elementor-widget elementor-widget-text-box\" data-id=\"6bea7509\" data-element_type=\"widget\" data-widget_type=\"text-box.default\">\n<div class=\"elementor-widget-container\">\n<div class=\"text-box\" data-scroll=\"\" data-scroll-speed=\"\">\n<div class=\"xdj266r x11i5rnm xat24cr x1mh8g0r x1vvkbs x126k92a\">\n<div dir=\"auto\">Realizamos muchos eventos cada a\u00f1o que requieren mucho apoyo voluntario: nuestra Competencia MetOpera del Distrito de M\u00e9xico anual, nuestras sesiones de entrenamiento Preludio en Puebla para los ganadores de la Competencia y nuestro Concierto de Ganadores anual en San Miguel de Allende, por nombrar algunos.<\/div>\n<div dir=\"auto\">\u00a0<\/div>\n<div dir=\"auto\">\u00a1\u00danete a nosotros! \u00a1Necesitamos de su entusiasmo para ayudarnos a enviar a m\u00e1s y m\u00e1s talentosos j\u00f3venes cantantes mexicanos de \u00f3pera a los escenarios internacionales donde merecen estar!<\/div>\n<\/div>\n<p>&nbsp;<\/p>\n<p>Para mayor informaci\u00f3n p\u00f3ngase en contacto con <strong><a href=\"mailto:metopera@sanmiguelmetoperatrust.org\" target=\"_blank\" rel=\"noopener\">info@sanmiguelmetoperatrust.org<\/a><\/strong><\/p>\n<\/div>\n<\/div>\n<\/div>\n<\/div>\n<\/div>\n<\/div>\n<\/section>\n<p>&nbsp;<\/p>\n<p>[\/et_pb_text][\/et_pb_column][\/et_pb_row][et_pb_row _builder_version=&#8221;4.22.2&#8243; _module_preset=&#8221;default&#8221;][et_pb_column _builder_version=&#8221;4.22.2&#8243; _module_preset=&#8221;default&#8221; type=&#8221;4_4&#8243;][et_pb_image src=&#8221;http:\/\/conchstyle.com\/opera\/wp-content\/uploads\/2023\/09\/51760369149_f7d5fe622e_o-scaled.jpg&#8221; _builder_version=&#8221;4.22.2&#8243; _module_preset=&#8221;default&#8221; title_text=&#8221;51760369149_f7d5fe622e_o&#8221; hover_enabled=&#8221;0&#8243; sticky_enabled=&#8221;0&#8243;][\/et_pb_image][\/et_pb_column][\/et_pb_row][\/et_pb_section]<\/p>\n","protected":false},"excerpt":{"rendered":"<p>VOLUNARIODAD &nbsp; Realizamos muchos eventos cada a\u00f1o que requieren mucho apoyo voluntario: nuestra Competencia MetOpera del Distrito de M\u00e9xico anual, nuestras sesiones de entrenamiento Preludio en Puebla para los ganadores de la Competencia y nuestro Concierto de Ganadores anual en San Miguel de Allende, por nombrar algunos. \u00a0 \u00a1\u00danete a nosotros! \u00a1Necesitamos de su entusiasmo [&hellip;]<\/p>\n","protected":false},"author":3,"featured_media":0,"parent":0,"menu_order":0,"comment_status":"closed","ping_status":"closed","template":"","meta":{"_et_pb_use_builder":"on","_et_pb_old_content":"","_et_gb_content_width":"","footnotes":""},"class_list":["post-2338","page","type-page","status-publish","hentry"],"_links":{"self":[{"href":"http:\/\/conchstyle.com\/opera\/wp-json\/wp\/v2\/pages\/2338","targetHints":{"allow":["GET"]}}],"collection":[{"href":"http:\/\/conchstyle.com\/opera\/wp-json\/wp\/v2\/pages"}],"about":[{"href":"http:\/\/conchstyle.com\/opera\/wp-json\/wp\/v2\/types\/page"}],"author":[{"embeddable":true,"href":"http:\/\/conchstyle.com\/opera\/wp-json\/wp\/v2\/users\/3"}],"replies":[{"embeddable":true,"href":"http:\/\/conchstyle.com\/opera\/wp-json\/wp\/v2\/comments?post=2338"}],"version-history":[{"count":4,"href":"http:\/\/conchstyle.com\/opera\/wp-json\/wp\/v2\/pages\/2338\/revisions"}],"predecessor-version":[{"id":2850,"href":"http:\/\/conchstyle.com\/opera\/wp-json\/wp\/v2\/pages\/2338\/revisions\/2850"}],"wp:attachment":[{"href":"http:\/\/conchstyle.com\/opera\/wp-json\/wp\/v2\/media?parent=2338"}],"curies":[{"name":"wp","href":"https:\/\/api.w.org\/{rel}","templated":true}]}}