{"id":2341,"date":"2023-09-16T00:25:21","date_gmt":"2023-09-16T00:25:21","guid":{"rendered":"http:\/\/conchstyle.com\/opera\/?page_id=2341"},"modified":"2023-09-28T19:11:33","modified_gmt":"2023-09-28T19:11:33","slug":"agradecimientos","status":"publish","type":"page","link":"http:\/\/conchstyle.com\/opera\/agradecimientos\/","title":{"rendered":"Agradecimientos"},"content":{"rendered":"<p>[et_pb_section fb_built=&#8221;1&#8243; admin_label=&#8221;CTA&#8221; _builder_version=&#8221;4.22.1&#8243; background_image=&#8221;http:\/\/conchstyle.com\/opera\/wp-content\/uploads\/2020\/09\/d7k2644_49528139002_o-scaled.jpg&#8221; custom_margin=&#8221;|||&#8221; custom_padding=&#8221;0px|||&#8221; da_disable_devices=&#8221;off|off|off&#8221; global_colors_info=&#8221;{}&#8221; da_is_popup=&#8221;off&#8221; da_exit_intent=&#8221;off&#8221; da_has_close=&#8221;on&#8221; da_alt_close=&#8221;off&#8221; da_dark_close=&#8221;off&#8221; da_not_modal=&#8221;on&#8221; da_is_singular=&#8221;off&#8221; da_with_loader=&#8221;off&#8221; da_has_shadow=&#8221;on&#8221;][et_pb_row use_custom_gutter=&#8221;on&#8221; gutter_width=&#8221;1&#8243; custom_padding_last_edited=&#8221;on|phone&#8221; module_class=&#8221; et_pb_row_fullwidth&#8221; _builder_version=&#8221;4.16&#8243; use_background_color_gradient=&#8221;on&#8221; background_color_gradient_stops=&#8221;#f4f4f4 0%|rgba(244,244,244,0) 22%&#8221; background_color_gradient_start=&#8221;#f4f4f4&#8243; background_color_gradient_end=&#8221;rgba(244,244,244,0)&#8221; background_color_gradient_end_position=&#8221;22%&#8221; width=&#8221;100%&#8221; width_tablet=&#8221;100%&#8221; width_phone=&#8221;&#8221; width_last_edited=&#8221;on|desktop&#8221; max_width=&#8221;100%&#8221; max_width_tablet=&#8221;100%&#8221; max_width_phone=&#8221;&#8221; max_width_last_edited=&#8221;on|desktop&#8221; custom_padding=&#8221;220px|0px|220px|0px&#8221; custom_padding_tablet=&#8221;0px|||&#8221; custom_padding_phone=&#8221;&#8221; make_fullwidth=&#8221;on&#8221; global_colors_info=&#8221;{}&#8221;][et_pb_column type=&#8221;4_4&#8243; _builder_version=&#8221;4.16&#8243; custom_padding=&#8221;|||&#8221; global_colors_info=&#8221;{}&#8221; custom_padding__hover=&#8221;|||&#8221;][et_pb_text _builder_version=&#8221;4.22.1&#8243; _module_preset=&#8221;default&#8221; header_font=&#8221;Belleza|700|||||||&#8221; header_text_color=&#8221;#FFFFFF&#8221; header_font_size=&#8221;64px&#8221; header_text_shadow_style=&#8221;preset1&#8243; global_colors_info=&#8221;{}&#8221;]<\/p>\n<h1 style=\"text-align: center;\">Agradecimientos<\/h1>\n<p>[\/et_pb_text][et_pb_image show_bottom_space=&#8221;off&#8221; align=&#8221;center&#8221; align_tablet=&#8221;center&#8221; align_phone=&#8221;&#8221; align_last_edited=&#8221;on|desktop&#8221; _builder_version=&#8221;4.16&#8243; custom_margin=&#8221;100px|||&#8221; global_colors_info=&#8221;{}&#8221;][\/et_pb_image][\/et_pb_column][\/et_pb_row][\/et_pb_section][et_pb_section fb_built=&#8221;1&#8243; custom_padding_last_edited=&#8221;on|tablet&#8221; admin_label=&#8221;Our Guides&#8221; _builder_version=&#8221;4.16&#8243; custom_padding=&#8221;11px||110px|||&#8221; custom_padding_tablet=&#8221;60px||60px|&#8221; custom_padding_phone=&#8221;&#8221; da_disable_devices=&#8221;off|off|off&#8221; global_colors_info=&#8221;{}&#8221; da_is_popup=&#8221;off&#8221; da_exit_intent=&#8221;off&#8221; da_has_close=&#8221;on&#8221; da_alt_close=&#8221;off&#8221; da_dark_close=&#8221;off&#8221; da_not_modal=&#8221;on&#8221; da_is_singular=&#8221;off&#8221; da_with_loader=&#8221;off&#8221; da_has_shadow=&#8221;on&#8221;][et_pb_row _builder_version=&#8221;4.16&#8243; _module_preset=&#8221;default&#8221; global_colors_info=&#8221;{}&#8221;][et_pb_column type=&#8221;4_4&#8243; _builder_version=&#8221;4.16&#8243; _module_preset=&#8221;default&#8221; global_colors_info=&#8221;{}&#8221;][et_pb_text _builder_version=&#8221;4.22.1&#8243; _module_preset=&#8221;default&#8221; custom_padding=&#8221;0px|||||&#8221; global_colors_info=&#8221;{}&#8221;]<\/p>\n<h2><span style=\"color: #ff0000;\">San Miguel MetOpera Trust, A.C. desea extender su agradecimiento a:<\/span><\/h2>\n<p>[\/et_pb_text][et_pb_text _builder_version=&#8221;4.22.1&#8243; _module_preset=&#8221;default&#8221; custom_padding=&#8221;||0px|||&#8221; global_colors_info=&#8221;{}&#8221;]<\/p>\n<h3><strong><\/strong><br \/><strong><img loading=\"lazy\" decoding=\"async\" src=\"http:\/\/conchstyle.com\/opera\/wp-content\/uploads\/2023\/08\/samano-logo-2022-2.jpg\" width=\"400\" height=\"139\" alt=\"\" class=\"wp-image-2089 alignleft size-full\" srcset=\"http:\/\/conchstyle.com\/opera\/wp-content\/uploads\/2023\/08\/samano-logo-2022-2.jpg 400w, http:\/\/conchstyle.com\/opera\/wp-content\/uploads\/2023\/08\/samano-logo-2022-2-300x104.jpg 300w\" sizes=\"auto, (max-width: 400px) 100vw, 400px\" \/><\/strong><\/h3>\n<h3><strong><\/strong><\/h3>\n<h3><strong><\/strong><\/h3>\n<h3><strong>SAMANO ABOGADOS<\/strong> Por el amplio apoyo legal que brinda a SMMT.<\/h3>\n<p>&nbsp;<\/p>\n<p>&nbsp;<\/p>\n<p>[\/et_pb_text][et_pb_text _builder_version=&#8221;4.22.1&#8243; _module_preset=&#8221;default&#8221; text_font=&#8221;Belleza||||||||&#8221; global_colors_info=&#8221;{}&#8221;]<\/p>\n<div class=\"elementor-element elementor-element-5636795 paragraphNormal elementor-widget elementor-widget-text-box\" data-id=\"5636795\" data-element_type=\"widget\" data-widget_type=\"text-box.default\">\n<div class=\"elementor-widget-container\">\n<div class=\"text-box\" data-scroll=\"\" data-scroll-speed=\"\">\n<p style=\"text-align: center;\">\n<p style=\"text-align: center;\">Nuestro <strong>Equipo de Desarrollo de este sitio Web <\/strong>por su dedicaci\u00f3n y calidad:<\/p>\n<p style=\"text-align: left;\">Derek Burrows \u2013 Dise\u00f1o<br \/>Enrique Ech\u00e1niz \u2013 Ejecuci\u00f3n<br \/>Oscar Labansat \u2013 Ejecuci\u00f3n<br \/>Octavio Rivas \u2013 Traducciones <br \/>Daniel Wiley \u2014 Fotos<\/p>\n<\/div>\n<\/div>\n<\/div>\n<p>[\/et_pb_text][et_pb_text _builder_version=&#8221;4.22.1&#8243; _module_preset=&#8221;default&#8221; text_font_size=&#8221;17px&#8221; header_3_font=&#8221;Belleza||||||||&#8221; header_3_line_height=&#8221;1.3em&#8221; custom_margin=&#8221;||89px||false|false&#8221; global_colors_info=&#8221;{}&#8221;]<\/p>\n<p><strong><img loading=\"lazy\" decoding=\"async\" src=\"http:\/\/conchstyle.com\/opera\/wp-content\/uploads\/2023\/08\/promusica-300x120.png\" width=\"300\" height=\"120\" alt=\"\" class=\"wp-image-2090 alignleft size-medium\" \/><br \/><\/strong><strong>Pro Musica San Miguel de Allende<\/strong> por la infraestructura necesaria para producir las primeras audiciones del Distrito M\u00e9xico del MONC en 2018 y 2019<\/p>\n<p>[\/et_pb_text][et_pb_text _builder_version=&#8221;4.22.1&#8243; _module_preset=&#8221;default&#8221; custom_margin=&#8221;||99px||false|false&#8221; global_colors_info=&#8221;{}&#8221;]<\/p>\n<p><strong><img loading=\"lazy\" decoding=\"async\" src=\"http:\/\/conchstyle.com\/opera\/wp-content\/uploads\/2023\/08\/universidad-de-las-americas-puebla-757A431F5E1DFE76224532thumbnail-300x62.jpeg\" width=\"300\" height=\"62\" alt=\"\" class=\"wp-image-2091 alignleft size-medium\" \/><\/strong>La <strong>Universidad de las Americas Puebla (UDLAP)<\/strong> por albergar el Preludio a Nueva Orleans del Distrito de M\u00e9xico en diciembre de 2019<\/p>\n<p>[\/et_pb_text][et_pb_text _builder_version=&#8221;4.22.1&#8243; _module_preset=&#8221;default&#8221; text_font_size=&#8221;17px&#8221; custom_margin=&#8221;||42px||false|false&#8221; global_colors_info=&#8221;{}&#8221;]<\/p>\n<div class=\"elementor-element elementor-element-3ae6f68 paragraphNormal elementor-widget elementor-widget-text-box\" data-id=\"3ae6f68\" data-element_type=\"widget\" data-widget_type=\"text-box.default\">\n<div class=\"elementor-widget-container\">\n<div class=\"text-box\" data-scroll=\"\" data-scroll-speed=\"\">\n<div class=\"elementor-element elementor-element-3ae6f68 paragraphNormal elementor-widget elementor-widget-text-box\" data-id=\"3ae6f68\" data-element_type=\"widget\" data-widget_type=\"text-box.default\">\n<div class=\"elementor-widget-container\">\n<div class=\"text-box\" data-scroll=\"\" data-scroll-speed=\"\">\n<p style=\"text-align: center;\"><strong>Nuestros incre\u00edbles Prelude to New Orleans maestros \u2013 <\/strong>Michael Sylvester, Ted Taylor, Ragnar Conde y Andres Sarre \u2013 por su dedicaci\u00f3n para sacar lo mejor de cada cantante que forman.<\/p>\n<p style=\"text-align: center;\"><strong>Nuestros generosos patrocinadores y amigos<\/strong> por comprender la importancia de nuestras iniciativas en la vida de tantos j\u00f3venes cantantes mexicanos con enorme talento.<\/p>\n<\/div>\n<\/div>\n<\/div>\n<\/div>\n<\/div>\n<\/div>\n<p>[\/et_pb_text][et_pb_text _builder_version=&#8221;4.22.1&#8243; _module_preset=&#8221;default&#8221; global_colors_info=&#8221;{}&#8221;]<\/p>\n<div class=\"elementor-element elementor-element-447a501 paragraphNormal elementor-widget elementor-widget-text-box\" data-id=\"447a501\" data-element_type=\"widget\" data-widget_type=\"text-box.default\">\n<div class=\"elementor-widget-container\">\n<div class=\"text-box\" data-scroll=\"\" data-scroll-speed=\"\">\n<p><strong><img loading=\"lazy\" decoding=\"async\" src=\"http:\/\/conchstyle.com\/opera\/wp-content\/uploads\/2023\/08\/logo-banuva-300x76.png\" width=\"300\" height=\"76\" alt=\"\" class=\"wp-image-2092 alignleft size-medium\" \/><\/strong><\/p>\n<p><strong><\/strong><\/p>\n<p><strong><\/strong><\/p>\n<p><strong><\/strong><\/p>\n<p><strong><\/strong><\/p>\n<div class=\"elementor-element elementor-element-271078d paragraphNormal elementor-widget elementor-widget-text-box\" data-id=\"271078d\" data-element_type=\"widget\" data-widget_type=\"text-box.default\">\n<div class=\"elementor-widget-container\">\n<div class=\"text-box\" data-scroll=\"\" data-scroll-speed=\"\">\n<p style=\"text-align: center;\"><strong>Agencia Banuva Publicidad<\/strong> por su invaluable apoyo en la creaci\u00f3n y gesti\u00f3n de nuestra p\u00e1gina web y redes sociales. Su dedicaci\u00f3n y expertise han sido fundamentales para el \u00e9xito y crecimiento de nuestra comunidad digital en San Miguel Met \u00d3pera Trust. Su compromiso ha fortalecido nuestra presencia en l\u00ednea y ha contribuido de manera significativa a nuestro desarrollo.<\/p>\n<p style=\"text-align: center;\">Chava Banuva &#8211; Director General<br \/>Arturo Zerecero &#8211; Jefe de Dise\u00f1o<br \/>Alberto Rend\u00f3n &#8211; Programador<br \/>Geovany Angulo &#8211; Programador<\/p>\n<\/div>\n<\/div>\n<\/div>\n<\/div>\n<\/div>\n<\/div>\n<p>[\/et_pb_text][\/et_pb_column][\/et_pb_row][\/et_pb_section][et_pb_section fb_built=&#8221;1&#8243; admin_label=&#8221;CTA&#8221; _builder_version=&#8221;4.22.2&#8243; background_image=&#8221;http:\/\/conchstyle.com\/opera\/wp-content\/uploads\/2023\/09\/Aknowledgements-bottom.jpeg&#8221; custom_margin=&#8221;|||&#8221; custom_padding=&#8221;0px|||&#8221; hover_enabled=&#8221;0&#8243; da_disable_devices=&#8221;off|off|off&#8221; global_colors_info=&#8221;{}&#8221; title_text=&#8221;Aknowledgements bottom&#8221; sticky_enabled=&#8221;0&#8243; da_is_popup=&#8221;off&#8221; da_exit_intent=&#8221;off&#8221; da_has_close=&#8221;on&#8221; da_alt_close=&#8221;off&#8221; da_dark_close=&#8221;off&#8221; da_not_modal=&#8221;on&#8221; da_is_singular=&#8221;off&#8221; da_with_loader=&#8221;off&#8221; da_has_shadow=&#8221;on&#8221;][et_pb_row use_custom_gutter=&#8221;on&#8221; gutter_width=&#8221;1&#8243; custom_padding_last_edited=&#8221;on|phone&#8221; module_class=&#8221; et_pb_row_fullwidth&#8221; _builder_version=&#8221;4.16&#8243; use_background_color_gradient=&#8221;on&#8221; background_color_gradient_stops=&#8221;#f4f4f4 0%|rgba(244,244,244,0) 22%&#8221; background_color_gradient_start=&#8221;#f4f4f4&#8243; background_color_gradient_end=&#8221;rgba(244,244,244,0)&#8221; background_color_gradient_end_position=&#8221;22%&#8221; width=&#8221;100%&#8221; width_tablet=&#8221;100%&#8221; width_phone=&#8221;&#8221; width_last_edited=&#8221;on|desktop&#8221; max_width=&#8221;100%&#8221; max_width_tablet=&#8221;100%&#8221; max_width_phone=&#8221;&#8221; max_width_last_edited=&#8221;on|desktop&#8221; custom_padding=&#8221;220px|0px|220px|0px&#8221; custom_padding_tablet=&#8221;0px|||&#8221; custom_padding_phone=&#8221;&#8221; make_fullwidth=&#8221;on&#8221; global_colors_info=&#8221;{}&#8221;][et_pb_column type=&#8221;4_4&#8243; _builder_version=&#8221;4.16&#8243; custom_padding=&#8221;|||&#8221; global_colors_info=&#8221;{}&#8221; custom_padding__hover=&#8221;|||&#8221;][et_pb_button button_url=&#8221;http:\/\/conchstyle.com\/opera\/ways-to-give\/&#8221; button_text=&#8221;join us&#8221; button_alignment=&#8221;center&#8221; _builder_version=&#8221;4.16&#8243; custom_button=&#8221;on&#8221; button_text_color=&#8221;#ffffff&#8221; button_bg_color=&#8221;#ed4441&#8243; button_border_color=&#8221;#ed4441&#8243; button_border_radius=&#8221;0px&#8221; button_letter_spacing=&#8221;4px&#8221; button_font=&#8221;Oswald|on||on|&#8221; button_icon=&#8221;&#x24;||divi||400&#8243; button_icon_color=&#8221;#1a1a1a&#8221; button_border_color_hover=&#8221;#1a1a1a&#8221; button_border_radius_hover=&#8221;0px&#8221; button_letter_spacing_hover=&#8221;4px&#8221; button_bg_color_hover=&#8221;rgba(0,0,0,0)&#8221; locked=&#8221;off&#8221; global_colors_info=&#8221;{}&#8221; button_text_size__hover_enabled=&#8221;off&#8221; button_one_text_size__hover_enabled=&#8221;off&#8221; button_two_text_size__hover_enabled=&#8221;off&#8221; button_text_color__hover_enabled=&#8221;off&#8221; button_one_text_color__hover_enabled=&#8221;off&#8221; button_two_text_color__hover_enabled=&#8221;off&#8221; button_border_width__hover_enabled=&#8221;off&#8221; button_one_border_width__hover_enabled=&#8221;off&#8221; button_two_border_width__hover_enabled=&#8221;off&#8221; button_border_color__hover_enabled=&#8221;on&#8221; button_border_color__hover=&#8221;#1a1a1a&#8221; button_one_border_color__hover_enabled=&#8221;off&#8221; button_two_border_color__hover_enabled=&#8221;off&#8221; button_border_radius__hover_enabled=&#8221;on&#8221; button_border_radius__hover=&#8221;0px&#8221; button_one_border_radius__hover_enabled=&#8221;off&#8221; button_two_border_radius__hover_enabled=&#8221;off&#8221; button_letter_spacing__hover_enabled=&#8221;on&#8221; button_letter_spacing__hover=&#8221;4px&#8221; button_one_letter_spacing__hover_enabled=&#8221;off&#8221; button_two_letter_spacing__hover_enabled=&#8221;off&#8221; button_bg_color__hover_enabled=&#8221;on&#8221; button_bg_color__hover=&#8221;rgba(0,0,0,0)&#8221; button_one_bg_color__hover_enabled=&#8221;off&#8221; button_two_bg_color__hover_enabled=&#8221;off&#8221;][\/et_pb_button][et_pb_image show_bottom_space=&#8221;off&#8221; align=&#8221;center&#8221; align_tablet=&#8221;center&#8221; align_phone=&#8221;&#8221; align_last_edited=&#8221;on|desktop&#8221; _builder_version=&#8221;4.16&#8243; custom_margin=&#8221;100px|||&#8221; global_colors_info=&#8221;{}&#8221;][\/et_pb_image][\/et_pb_column][\/et_pb_row][\/et_pb_section]<\/p>\n","protected":false},"excerpt":{"rendered":"<p>AgradecimientosSan Miguel MetOpera Trust, A.C. desea extender su agradecimiento a: SAMANO ABOGADOS Por el amplio apoyo legal que brinda a SMMT. &nbsp; &nbsp; Nuestro Equipo de Desarrollo de este sitio Web por su dedicaci\u00f3n y calidad: Derek Burrows \u2013 Dise\u00f1oEnrique Ech\u00e1niz \u2013 Ejecuci\u00f3nOscar Labansat \u2013 Ejecuci\u00f3nOctavio Rivas \u2013 Traducciones Daniel Wiley \u2014 Fotos Pro Musica [&hellip;]<\/p>\n","protected":false},"author":3,"featured_media":0,"parent":0,"menu_order":0,"comment_status":"closed","ping_status":"closed","template":"","meta":{"_et_pb_use_builder":"on","_et_pb_old_content":"","_et_gb_content_width":"","footnotes":""},"class_list":["post-2341","page","type-page","status-publish","hentry"],"_links":{"self":[{"href":"http:\/\/conchstyle.com\/opera\/wp-json\/wp\/v2\/pages\/2341","targetHints":{"allow":["GET"]}}],"collection":[{"href":"http:\/\/conchstyle.com\/opera\/wp-json\/wp\/v2\/pages"}],"about":[{"href":"http:\/\/conchstyle.com\/opera\/wp-json\/wp\/v2\/types\/page"}],"author":[{"embeddable":true,"href":"http:\/\/conchstyle.com\/opera\/wp-json\/wp\/v2\/users\/3"}],"replies":[{"embeddable":true,"href":"http:\/\/conchstyle.com\/opera\/wp-json\/wp\/v2\/comments?post=2341"}],"version-history":[{"count":3,"href":"http:\/\/conchstyle.com\/opera\/wp-json\/wp\/v2\/pages\/2341\/revisions"}],"predecessor-version":[{"id":2802,"href":"http:\/\/conchstyle.com\/opera\/wp-json\/wp\/v2\/pages\/2341\/revisions\/2802"}],"wp:attachment":[{"href":"http:\/\/conchstyle.com\/opera\/wp-json\/wp\/v2\/media?parent=2341"}],"curies":[{"name":"wp","href":"https:\/\/api.w.org\/{rel}","templated":true}]}}