{"id":2612,"date":"2023-09-22T14:45:33","date_gmt":"2023-09-22T14:45:33","guid":{"rendered":"http:\/\/conchstyle.com\/opera\/?page_id=2612"},"modified":"2023-09-25T14:24:19","modified_gmt":"2023-09-25T14:24:19","slug":"laffont-competition-s","status":"publish","type":"page","link":"http:\/\/conchstyle.com\/opera\/laffont-competition-s\/","title":{"rendered":"Laffont Competition"},"content":{"rendered":"\n[et_pb_section fb_built=&#8221;1&#8243; fullwidth=&#8221;on&#8221; admin_label=&#8221;Hero&#8221; _builder_version=&#8221;4.22.1&#8243; background_enable_color=&#8221;off&#8221; parallax=&#8221;on&#8221; custom_padding=&#8221;0px|0px|0px|0px&#8221; da_disable_devices=&#8221;off|off|off&#8221; global_colors_info=&#8221;{}&#8221; da_is_popup=&#8221;off&#8221; da_exit_intent=&#8221;off&#8221; da_has_close=&#8221;on&#8221; da_alt_close=&#8221;off&#8221; da_dark_close=&#8221;off&#8221; da_not_modal=&#8221;on&#8221; da_is_singular=&#8221;off&#8221; da_with_loader=&#8221;off&#8221; da_has_shadow=&#8221;on&#8221;][et_pb_fullwidth_header title=&#8221;Laffont Competition&#8221; background_overlay_color=&#8221;RGBA(255,255,255,0)&#8221; content_max_width=&#8221;807px&#8221; admin_label=&#8221;Hero Section&#8221; _builder_version=&#8221;4.22.1&#8243; title_font=&#8221;Belleza|700|||||||&#8221; title_font_size=&#8221;89px&#8221; title_line_height=&#8221;1.3em&#8221; content_font=&#8221;Belleza|700|||||||&#8221; content_font_size=&#8221;29px&#8221; background_color=&#8221;rgba(255, 255, 255, 0)&#8221; background_image=&#8221;http:\/\/conchstyle.com\/opera\/wp-content\/uploads\/2023\/08\/Laffont-Competition-Header.png&#8221; custom_button_one=&#8221;on&#8221; button_one_border_radius=&#8221;0px&#8221; button_one_letter_spacing=&#8221;4px&#8221; button_one_font=&#8221;Oswald|on||on|&#8221; button_one_icon=&#8221;&#x24;||divi||400&#8243; button_one_icon_color=&#8221;#ffffff&#8221; custom_margin=&#8221;0px||-2px||false|false&#8221; custom_padding=&#8221;143px||132px||false|false&#8221; custom_padding_tablet=&#8221;60px||60px|&#8221; custom_padding_phone=&#8221;&#8221; custom_padding_last_edited=&#8221;on|tablet&#8221; animation_style=&#8221;zoom&#8221; animation_direction=&#8221;bottom&#8221; animation_intensity_zoom=&#8221;4%&#8221; button_one_text_color_hover=&#8221;#ffffff&#8221; button_one_border_color_hover=&#8221;#ffffff&#8221; button_one_border_radius_hover=&#8221;0px&#8221; button_one_letter_spacing_hover=&#8221;4px&#8221; button_one_bg_color_hover=&#8221;rgba(0,0,0,0)&#8221; global_colors_info=&#8221;{}&#8221; button_one_text_size__hover_enabled=&#8221;off&#8221; button_two_text_size__hover_enabled=&#8221;off&#8221; button_one_text_color__hover_enabled=&#8221;on&#8221; button_one_text_color__hover=&#8221;#ffffff&#8221; button_two_text_color__hover_enabled=&#8221;off&#8221; button_one_border_width__hover_enabled=&#8221;off&#8221; button_two_border_width__hover_enabled=&#8221;off&#8221; button_one_border_color__hover_enabled=&#8221;on&#8221; button_one_border_color__hover=&#8221;#ffffff&#8221; button_two_border_color__hover_enabled=&#8221;off&#8221; button_one_border_radius__hover_enabled=&#8221;on&#8221; button_one_border_radius__hover=&#8221;0px&#8221; button_two_border_radius__hover_enabled=&#8221;off&#8221; button_one_letter_spacing__hover_enabled=&#8221;on&#8221; button_one_letter_spacing__hover=&#8221;4px&#8221; button_two_letter_spacing__hover_enabled=&#8221;off&#8221; button_one_bg_color__hover_enabled=&#8221;on&#8221; button_one_bg_color__hover=&#8221;rgba(0,0,0,0)&#8221; button_two_bg_color__hover_enabled=&#8221;off&#8221;]<p>The Metropolitan Opera<\/p>[\/et_pb_fullwidth_header][\/et_pb_section][et_pb_section fb_built=&#8221;1&#8243; _builder_version=&#8221;4.16&#8243; _module_preset=&#8221;default&#8221; min_height=&#8221;121px&#8221; da_disable_devices=&#8221;off|off|off&#8221; global_colors_info=&#8221;{}&#8221; da_is_popup=&#8221;off&#8221; da_exit_intent=&#8221;off&#8221; da_has_close=&#8221;on&#8221; da_alt_close=&#8221;off&#8221; da_dark_close=&#8221;off&#8221; da_not_modal=&#8221;on&#8221; da_is_singular=&#8221;off&#8221; da_with_loader=&#8221;off&#8221; da_has_shadow=&#8221;on&#8221;][et_pb_row column_structure=&#8221;1_2,1_2&#8243; _builder_version=&#8221;4.22.2&#8243; _module_preset=&#8221;default&#8221; global_colors_info=&#8221;{}&#8221;][et_pb_column type=&#8221;1_2&#8243; _builder_version=&#8221;4.22.2&#8243; _module_preset=&#8221;default&#8221; global_colors_info=&#8221;{}&#8221;][et_pb_image src=&#8221;http:\/\/conchstyle.com\/opera\/wp-content\/uploads\/2023\/09\/49530577726_0a023d6a54_o.jpeg&#8221; title_text=&#8221;49530577726_0a023d6a54_o&#8221; _builder_version=&#8221;4.22.2&#8243; _module_preset=&#8221;default&#8221; global_colors_info=&#8221;{}&#8221;][\/et_pb_image][\/et_pb_column][et_pb_column type=&#8221;1_2&#8243; _builder_version=&#8221;4.22.2&#8243; _module_preset=&#8221;default&#8221; global_colors_info=&#8221;{}&#8221;][et_pb_image src=&#8221;http:\/\/conchstyle.com\/opera\/wp-content\/uploads\/2023\/09\/49530568431_4798cbc170_o.jpeg&#8221; title_text=&#8221;49530568431_4798cbc170_o&#8221; _builder_version=&#8221;4.22.2&#8243; _module_preset=&#8221;default&#8221; global_colors_info=&#8221;{}&#8221;][\/et_pb_image][\/et_pb_column][\/et_pb_row][et_pb_row _builder_version=&#8221;4.16&#8243; _module_preset=&#8221;default&#8221; global_colors_info=&#8221;{}&#8221;][et_pb_column type=&#8221;4_4&#8243; _builder_version=&#8221;4.16&#8243; _module_preset=&#8221;default&#8221; global_colors_info=&#8221;{}&#8221;][et_pb_text _builder_version=&#8221;4.22.2&#8243; _module_preset=&#8221;default&#8221; text_font=&#8221;Belleza||||||||&#8221; text_font_size=&#8221;23px&#8221; text_line_height=&#8221;1.8em&#8221; header_font=&#8221;Roboto|700|||||||&#8221; header_font_size=&#8221;47px&#8221; header_line_height=&#8221;1.8em&#8221; text_orientation=&#8221;center&#8221; hover_enabled=&#8221;0&#8243; global_colors_info=&#8221;{}&#8221; ul_line_height=&#8221;1.6em&#8221; sticky_enabled=&#8221;0&#8243;]<p style=\"text-align: left;\">El Consejo Nacional de la \u00d3pera Metropolitana (MONC) invit\u00f3 a M\u00e9xico a convertirse en su distrito de audiciones n\u00famero 41 en el 2017. (La competencia pas\u00f3 a llamarse Laffont Competition en el 2021, en honor al generoso regalo de esa familia al Metropolitan Opera House).<\/p>\n<ul>\n<li style=\"text-align: left;\">El Distrito M\u00e9xico del Concurso es patrocinado por el San Miguel MetOpera trust.<\/li>\n<li style=\"text-align: left;\">La primera edici\u00f3n de la Competencia en M\u00e9xico se llev\u00f3 a cabo en San Miguel de Allende el 8 de noviembre de 2018.<\/li>\n<li style=\"text-align: left;\">El Distrito de M\u00e9xico celebr\u00f3 con orgullo su quinto aniversario el 19 de marzo de 2023.<\/li>\n<li style=\"text-align: left;\">156 j\u00f3venes cantantes mexicanos han sido escuchados por jueces certificados por la Metropolitan Opera.<\/li>\n<li style=\"text-align: left;\">27 cantantes han sido nombrados ganadores y pasaron a una ronda regional en los Estados Unidos, en la mayor\u00eda de los casos siendo su primera competencia internacional.<\/li>\n<\/ul>[\/et_pb_text][\/et_pb_column][\/et_pb_row][et_pb_row column_structure=&#8221;1_2,1_2&#8243; _builder_version=&#8221;4.22.2&#8243; _module_preset=&#8221;default&#8221; global_colors_info=&#8221;{}&#8221;][et_pb_column type=&#8221;1_2&#8243; _builder_version=&#8221;4.22.2&#8243; _module_preset=&#8221;default&#8221; global_colors_info=&#8221;{}&#8221;][et_pb_image src=&#8221;http:\/\/conchstyle.com\/opera\/wp-content\/uploads\/2023\/09\/52093846317_e43e818b85_k.jpeg&#8221; title_text=&#8221;52093846317_e43e818b85_k&#8221; _builder_version=&#8221;4.22.2&#8243; _module_preset=&#8221;default&#8221; global_colors_info=&#8221;{}&#8221;][\/et_pb_image][\/et_pb_column][et_pb_column type=&#8221;1_2&#8243; _builder_version=&#8221;4.22.2&#8243; _module_preset=&#8221;default&#8221; global_colors_info=&#8221;{}&#8221;][et_pb_text _builder_version=&#8221;4.22.2&#8243; _module_preset=&#8221;default&#8221; text_line_height=&#8221;1.8em&#8221; hover_enabled=&#8221;0&#8243; global_colors_info=&#8221;{}&#8221; ul_line_height=&#8221;1.4em&#8221; sticky_enabled=&#8221;0&#8243;]<ul>\n<li style=\"text-align: left;\">10 cantantes han recibido premios en rondas regionales en EEUU.<\/li>\n<li style=\"text-align: left;\">2 cantantes han llegado a la ronda semifinal del concurso y han cantado en el escenario del Metropolitan Opera House.<\/li>\n<li style=\"text-align: left;\">En marzo de 2020, la soprano Denis V\u00e9lez se convirti\u00f3 en la primera cantante mexicana en ser ganadora de la Gran Final Nacional del Concurso en el escenario de MetOpera, con un premio de $20,000 USD.<\/li>\n<li style=\"text-align: left;\">La soprano Yunuet Laguna, ganadora del Distrito M\u00e9xico en 2018, debut\u00f3 como solista en el escenario de la MetOpera en marzo de 2022.<\/li>\n<li style=\"text-align: left;\">5 cantantes han tenido la experiencia de ser j\u00f3venes artistas en residencia con las principales compa\u00f1\u00edas de \u00f3pera en los Estados Unidos.<\/li>\n<li style=\"text-align: left;\">San Miguel MetOpera Trust y su generosa comunidad de expatriados han patrocinado y recaudado m\u00e1s de $200,000 USD en apoyo del Concurso.<\/li>\n<\/ul>[\/et_pb_text][\/et_pb_column][\/et_pb_row][et_pb_row column_structure=&#8221;1_2,1_2&#8243; _builder_version=&#8221;4.22.2&#8243; _module_preset=&#8221;default&#8221; global_colors_info=&#8221;{}&#8221;][et_pb_column type=&#8221;1_2&#8243; _builder_version=&#8221;4.22.2&#8243; _module_preset=&#8221;default&#8221; global_colors_info=&#8221;{}&#8221;][et_pb_text _builder_version=&#8221;4.22.2&#8243; _module_preset=&#8221;default&#8221; text_line_height=&#8221;1.8em&#8221; hover_enabled=&#8221;0&#8243; global_colors_info=&#8221;{}&#8221; ul_line_height=&#8221;1.7em&#8221; sticky_enabled=&#8221;0&#8243;]<p style=\"text-align: left;\">El Distrito M\u00e9xico del MetOpera Laffont Competition ofrece a los ganadores del Concurso dos beneficios \u00fanicos que ning\u00fan otro Distrito del Concurso ofrece:<\/p>\n<ul style=\"text-align: left;\">\n<li>Un programa intensivo de entrenamiento y coaching de tres a cuatro d\u00edas de duraci\u00f3n: nuestro <em>Preludio<\/em> <em>a Rocky Mountains<\/em>, para llevarlos a su m\u00e1ximo nivel de rendimiento, prepar\u00e1ndolos para competir en su mejor nivel en la pr\u00f3xima ronda regional del Concurso, y<\/li>\n<li>Presentarse en el <strong>Concierto de Ganadores <\/strong>en San Miguel de Allende, que los desaf\u00eda a aprender material nuevo r\u00e1pidamente, requiere que trabajen en conjunto, desarrollen habilidades en una puesta en escena y que trabajen intensamente con un equipo creativo de producci\u00f3n que los llevar\u00e1 a nuevos niveles de crecimiento como artistas.<\/li>\n<\/ul>\n<p style=\"text-align: left;\">\n<p style=\"text-align: left;\">NOTA: La lista de miembros del Comit\u00e9 Asesor sigue aqu\u00ed. Le sigue la lista de ganadores y jueces de cada a\u00f1o, comenzando con los ganadores de 2022 y los jueces de 2022.<\/p>[\/et_pb_text][\/et_pb_column][et_pb_column type=&#8221;1_2&#8243; _builder_version=&#8221;4.22.2&#8243; _module_preset=&#8221;default&#8221; global_colors_info=&#8221;{}&#8221;][et_pb_image src=&#8221;http:\/\/conchstyle.com\/opera\/wp-content\/uploads\/2023\/09\/laffont-competition-3.jpeg&#8221; title_text=&#8221;laffont competition 3&#8243; _builder_version=&#8221;4.22.2&#8243; _module_preset=&#8221;default&#8221; global_colors_info=&#8221;{}&#8221;][\/et_pb_image][\/et_pb_column][\/et_pb_row][\/et_pb_section]\n","protected":false},"excerpt":{"rendered":"<p>The Metropolitan OperaEl Consejo Nacional de la \u00d3pera Metropolitana (MONC) invit\u00f3 a M\u00e9xico a convertirse en su distrito de audiciones n\u00famero 41 en el 2017. (La competencia pas\u00f3 a llamarse Laffont Competition en el 2021, en honor al generoso regalo de esa familia al Metropolitan Opera House). El Distrito M\u00e9xico del Concurso es patrocinado por [&hellip;]<\/p>\n","protected":false},"author":3,"featured_media":0,"parent":0,"menu_order":0,"comment_status":"closed","ping_status":"closed","template":"","meta":{"_et_pb_use_builder":"on","_et_pb_old_content":"","_et_gb_content_width":"","footnotes":""},"class_list":["post-2612","page","type-page","status-publish","hentry"],"_links":{"self":[{"href":"http:\/\/conchstyle.com\/opera\/wp-json\/wp\/v2\/pages\/2612","targetHints":{"allow":["GET"]}}],"collection":[{"href":"http:\/\/conchstyle.com\/opera\/wp-json\/wp\/v2\/pages"}],"about":[{"href":"http:\/\/conchstyle.com\/opera\/wp-json\/wp\/v2\/types\/page"}],"author":[{"embeddable":true,"href":"http:\/\/conchstyle.com\/opera\/wp-json\/wp\/v2\/users\/3"}],"replies":[{"embeddable":true,"href":"http:\/\/conchstyle.com\/opera\/wp-json\/wp\/v2\/comments?post=2612"}],"version-history":[{"count":4,"href":"http:\/\/conchstyle.com\/opera\/wp-json\/wp\/v2\/pages\/2612\/revisions"}],"predecessor-version":[{"id":2776,"href":"http:\/\/conchstyle.com\/opera\/wp-json\/wp\/v2\/pages\/2612\/revisions\/2776"}],"wp:attachment":[{"href":"http:\/\/conchstyle.com\/opera\/wp-json\/wp\/v2\/media?parent=2612"}],"curies":[{"name":"wp","href":"https:\/\/api.w.org\/{rel}","templated":true}]}}